{"id":3117,"date":"2013-06-14T13:07:53","date_gmt":"2013-06-14T10:07:53","guid":{"rendered":"https:\/\/www.bosphorusyacht.com\/?p=3117"},"modified":"2024-06-25T16:14:52","modified_gmt":"2024-06-25T13:14:52","slug":"ein-romantischer-heiratsantrag-in-istanbul","status":"publish","type":"page","link":"https:\/\/www.bosphorusyacht.com\/de\/kreuzfahrten\/ein-romantischer-heiratsantrag-in-istanbul\/","title":{"rendered":"Ein romantischer Heiratsantrag in Istanbul"},"content":{"rendered":"<h3>Machen Sie Ihren Heiratsantrag auf einer privaten Yacht<\/h3>\n<div id=\"attachment_2210\" style=\"width: 273px\" class=\"wp-caption alignright\"><img decoding=\"async\" aria-describedby=\"caption-attachment-2210\" class=\"size-medium wp-image-2210\" title=\"marriage-proposal-istanbul-yacht\" src=\"https:\/\/www.bosphorusyacht.com\/wp-content\/uploads\/2012\/09\/marriage-proposal-istanbul-300x150.jpg\" alt=\"marriage-proposal-istanbul-yacht\" width=\"263\" srcset=\"https:\/\/www.bosphorusyacht.com\/wp-content\/uploads\/2012\/09\/marriage-proposal-istanbul-300x150.jpg 300w, https:\/\/www.bosphorusyacht.com\/wp-content\/uploads\/2012\/09\/marriage-proposal-istanbul.jpg 440w\" sizes=\"(max-width: 300px) 100vw, 300px\" \/><\/p>\n<p id=\"caption-attachment-2210\" class=\"wp-caption-text\">Heiratsantrag in Istanbul auf einer privaten Yacht<\/p>\n<\/div>\n<p>Suchen Sie nach dem perfekten Ort, &#8222;um die Frage aller Fragen zu stellen&#8220;? Die privaten Kreuzfahrten bei <a title=\"Bosporus-Kreuzfahrt bei Sonnenuntergang\" href=\"https:\/\/www.bosphorusyacht.com\/de\/kreuzfahrten\/bosporus-kreuzfahrt-bei-sonnenuntergang\/\">Sonnenuntergang<\/a> oder <a title=\"Bosporus-Dinner-Kreuzfahrt in Istanbul\" href=\"https:\/\/www.bosphorusyacht.com\/de\/kreuzfahrten\/bosporus-dinner-kreuzfahrt-istanbul\/\">mit Dinner<\/a> von Zoe Yacht bieten unschlagbare Optionen f\u00fcr diejenigen, die auf der Suche nach der <strong>romantischsten M\u00f6glichkeit sind, einen Heiratsantrag in Istanbul<\/strong> zu machen. Wir bieten die perfekte Atmosph\u00e4re f\u00fcr einen <strong>privaten und romantischen Heiratsantrag<\/strong> auf dem Bosporus &#8211; zwischen 2 Kontinenten und einer au\u00dfergew\u00f6hnlichen Aussicht&#8230; <strong>einfach atemberaubend.<\/strong><\/p>\n<p>W\u00e4hrend unserer romantischen Kreuzfahrten bei Sonnenuntergang oder mit Dinner werden Sie beide <strong>stilvoll und ganz abgeschieden entspannen<\/strong>, wenn die Sonne untergeht oder die Lichter der Stadt funkeln. Unser professioneller Marinekapit\u00e4n steuert die Yacht sanft durch den <strong>atemberaubenden Bosporus zwischen Europa und Asien<\/strong>. Dies ist der perfekte Abend f\u00fcr Romantik.<\/p>\n<div id=\"attachment_2215\" style=\"width: 273px\" class=\"wp-caption alignright\"><img loading=\"lazy\" decoding=\"async\" aria-describedby=\"caption-attachment-2215\" class=\"size-full wp-image-2215\" title=\"get-engaged-istanbul\" src=\"https:\/\/www.bosphorusyacht.com\/wp-content\/uploads\/2012\/09\/get-engaged-istanbul.jpg\" alt=\"get-engaged-istanbul\" width=\"263\" height=\"188\" \/><\/p>\n<p id=\"caption-attachment-2215\" class=\"wp-caption-text\">Blumen &amp; Champagner auf der Zoe Yacht<\/p>\n<\/div>\n<p>Wenn Sie m\u00f6chten, stellen wir <strong>frische Blumen, Rosen oder Champagner<\/strong> bereit, sowie eine Auswahl an alkoholischen und anti-alkoholischen Getr\u00e4nken an der Bord-Bar. Unser Steward ist Ihr Kellner, aber Sie haben auch gen\u00fcgend Privatsph\u00e4re.<\/p>\n<p>Wir empfehlen Ihnen, sich vorne an den <strong>Bug des Bootes<\/strong> zu setzen oder nach oben in die <strong>Flybridge-Lounge<\/strong>, um eine bessere Aussicht zu haben und <strong>Ihren Heiratsantrag privat in romantischer Atmosph\u00e4re zu machen<\/strong>&#8230;<\/p>\n<p>Wenn Sie m\u00f6chten, planen wir f\u00fcr Sie, w\u00e4hrend dieses Momentes in der N\u00e4he eines besonderen Ortes zu sein &#8211; <strong>an der wundersch\u00f6nen Bosporus-Br\u00fccke oder dem golden beleuchteten \u00c7iragan Palast<\/strong>, beides sind fantastische Ideen &#8211; Sie machen Ihren Antrag und Ihre Partnerin sagt ja&#8230; so romantisch &#8211; der perfekte Heiratsantrag in Istanbul!<\/p>\n<div id=\"attachment_2214\" style=\"width: 273px\" class=\"wp-caption alignright\"><img loading=\"lazy\" decoding=\"async\" aria-describedby=\"caption-attachment-2214\" class=\"size-full wp-image-2214\" title=\"romantic-place-istanbul\" src=\"https:\/\/www.bosphorusyacht.com\/wp-content\/gallery\/wm-bosphorus-cruises\/bosphorus-sunset-cruise-3.jpg\" alt=\"romantic-place-istanbul\" width=\"263\" height=\"188\" \/><\/p>\n<p id=\"caption-attachment-2214\" class=\"wp-caption-text\">Romantik bei Sonnenuntergang in Istanbul<\/p>\n<\/div>\n<div id=\"attachment_2214\" style=\"width: 273px\" class=\"wp-caption alignright\"><img loading=\"lazy\" decoding=\"async\" aria-describedby=\"caption-attachment-2214\" class=\"size-full wp-image-2214\" title=\"ciragan-palace-istanbul\" src=\"https:\/\/www.bosphorusyacht.com\/wp-content\/uploads\/2012\/09\/ciragan-palace-istanbul.jpg\" alt=\"ciragan-palace-istanbul\" width=\"263\" height=\"188\" \/><\/p>\n<p id=\"caption-attachment-2214\" class=\"wp-caption-text\">Wundersch\u00f6n beleuchteter Bosporus bei Nacht<\/p>\n<\/div>\n<p>Nach der Fahrt legt die Yacht wieder an und wir k\u00f6nnen Sie und Ihre neue Verlobte entweder an einem Restaurant oder Nachtlokal absetzen, wenn Sie noch weiter feiern m\u00f6chten, oder Sie zur\u00fcck in Ihr Hotel bringen.<\/p>\n<h3>Gro\u00dfartige Gr\u00fcnde f\u00fcr einen Heiratsantrag auf der Zoe Yacht<\/h3>\n<p>\u2022 Eine private Kreuzfahrt auf einer Motor-Yacht ist ein eleganter und einzigartiger Ort f\u00fcr einen Heiratsantrag.<br \/>\n\u2022 Eine <a title=\"Bosporus-Kreuzfahrt bei Sonnenuntergang\" href=\"https:\/\/www.bosphorusyacht.com\/de\/kreuzfahrten\/bosporus-kreuzfahrt-bei-sonnenuntergang\/\">private Kreuzfahrt bei Sonnenuntergang<\/a> vor der einzigartigen Skyline von Istanbul ist sehr romantisch.<br \/>\n\u2022 <a title=\"Bosporus-Dinner-Kreuzfahrt in Istanbul\" href=\"https:\/\/www.bosphorusyacht.com\/de\/kreuzfahrten\/bosporus-dinner-kreuzfahrt-istanbul\/\">Eine private Dinner-Kreuzfahrt<\/a> mit einem Gourmet-Men\u00fc und der wundersch\u00f6n beleuchteten Stadt bei Nacht ist sehr romantisch.<br \/>\n\u2022 Genie\u00dfen Sie die atemberaubende Aussicht auf einer romantischen Kreuzfahrt bequem und privat.<br \/>\n\u2022 Blumen und Champagner stehen als zus\u00e4tzliche \u00dcberraschung zur Verf\u00fcgung.<br \/>\n\u2022 Machen Sie Ihren Heiratsantrag am Bug, in der Flybridge-Lounge oder beim Abendessen &#8211; die Bosporus-Riviera sorgt f\u00fcr eine atemberaubende Kulisse.<br \/>\n\u2022 Die Kreuzfahrten k\u00f6nnen speziell auf Ihre W\u00fcnsche abgestimmt werden.<\/p>\n<h3>Sehen Sie sich die vorgeschlagenen Kreuzfahrten an<\/h3>\n<p><a href=\"https:\/\/www.bosphorusyacht.com\/de\/kreuzfahrten\/bosporus-kreuzfahrt-bei-sonnenuntergang\/\"><img decoding=\"async\" class=\"ngg-singlepic ngg-left respond-img\" src=\"https:\/\/www.bosphorusyacht.com\/wp-content\/gallery\/600-wm-en\/thumbs\/thumbs_bosphorus-sunset-cruise.jpg\" alt=\"bosphorus-sunset-cruise\" \/><\/a><\/p>\n<h3>Kreuzfahrt bei Sonnenuntergang<\/h3>\n<p>Eine unserer beliebtesten Kreuzfahrten. Warum beginnen Sie Ihren Abend auf dem Weg zu Ihrem Lieblingsrestaurant nicht mit einem Erfrischungsgetr\u00e4nk bei Sonnenuntergang auf der&#8230;<\/p>\n<p><a href=\"https:\/\/www.bosphorusyacht.com\/de\/kreuzfahrten\/bosporus-dinner-kreuzfahrt-istanbul\/\"><img decoding=\"async\" class=\"ngg-singlepic ngg-left respond-img\" src=\"https:\/\/www.bosphorusyacht.com\/wp-content\/gallery\/600-wm-en\/thumbs\/thumbs_bosphorus-dinner-cruise3.jpg\" alt=\"Bosporus-Dinner-Kreuzfahrt bei Nacht\" \/><\/a><\/p>\n<h3>Dinner-Kreuzfahrt<\/h3>\n<p>Das ultimative Yacht- und Dinner-Erlebnis w\u00e4hrend Ihres Aufenthalts in Istanbul. Bei dieser Bosporus-Dinner-Kreuzfahrt auf einer Privatyacht gleiten Sie bei Nacht den Bosporus entlang, w\u00e4hrend&#8230;<\/p>\n","protected":false},"excerpt":{"rendered":"<p>Machen Sie Ihren Heiratsantrag auf einer privaten Yacht Suchen Sie nach dem perfekten Ort, &#8222;um die Frage aller Fragen zu stellen&#8220;? Die privaten Kreuzfahrten bei Sonnenuntergang oder mit Dinner von Zoe Yacht bieten unschlagbare Optionen f\u00fcr diejenigen, die auf der Suche nach der romantischsten M\u00f6glichkeit sind, einen Heiratsantrag in Istanbul zu machen. Wir bieten die<\/p>\n","protected":false},"author":2,"featured_media":0,"parent":11540,"menu_order":0,"comment_status":"open","ping_status":"closed","template":"","meta":{"_acf_changed":false,"footnotes":""},"class_list":["post-3117","page","type-page","status-publish","hentry"],"acf":[],"yoast_head":"<!-- This site is optimized with the Yoast SEO plugin v25.2 - https:\/\/yoast.com\/wordpress\/plugins\/seo\/ -->\n<title>Ein romantischer Heiratsantrag in Istanbul - Zoe Yacht-Kreuzfahrten<\/title>\n<meta name=\"description\" content=\"Suchen Sie nach dem perfekten Ort, \u201cum die Frage aller Fragen zu stellen\u201d? Die privaten Kreuzfahrten bei Sonnenuntergang oder mit Dinner von Zoe Yacht...\" \/>\n<meta name=\"robots\" content=\"index, follow, max-snippet:-1, max-image-preview:large, max-video-preview:-1\" \/>\n<link rel=\"canonical\" href=\"https:\/\/www.bosphorusyacht.com\/de\/kreuzfahrten__trashed\/ein-romantischer-heiratsantrag-in-istanbul\/\" \/>\n<meta name=\"twitter:label1\" content=\"Gesch\u00e4tzte Lesezeit\" \/>\n\t<meta name=\"twitter:data1\" content=\"4 Minuten\" \/>\n<script type=\"application\/ld+json\" class=\"yoast-schema-graph\">{\"@context\":\"https:\/\/schema.org\",\"@graph\":[{\"@type\":\"WebPage\",\"@id\":\"https:\/\/www.bosphorusyacht.com\/de\/kreuzfahrten__trashed\/ein-romantischer-heiratsantrag-in-istanbul\/\",\"url\":\"https:\/\/www.bosphorusyacht.com\/de\/kreuzfahrten__trashed\/ein-romantischer-heiratsantrag-in-istanbul\/\",\"name\":\"Ein romantischer Heiratsantrag in Istanbul - Zoe Yacht-Kreuzfahrten\",\"isPartOf\":{\"@id\":\"https:\/\/www.bosphorusyacht.com\/#website\"},\"primaryImageOfPage\":{\"@id\":\"https:\/\/www.bosphorusyacht.com\/de\/kreuzfahrten__trashed\/ein-romantischer-heiratsantrag-in-istanbul\/#primaryimage\"},\"image\":{\"@id\":\"https:\/\/www.bosphorusyacht.com\/de\/kreuzfahrten__trashed\/ein-romantischer-heiratsantrag-in-istanbul\/#primaryimage\"},\"thumbnailUrl\":\"https:\/\/www.bosphorusyacht.com\/wp-content\/uploads\/2012\/09\/marriage-proposal-istanbul-300x150.jpg\",\"datePublished\":\"2013-06-14T10:07:53+00:00\",\"dateModified\":\"2024-06-25T13:14:52+00:00\",\"description\":\"Suchen Sie nach dem perfekten Ort, \u201cum die Frage aller Fragen zu stellen\u201d? Die privaten Kreuzfahrten bei Sonnenuntergang oder mit Dinner von Zoe Yacht...\",\"breadcrumb\":{\"@id\":\"https:\/\/www.bosphorusyacht.com\/de\/kreuzfahrten__trashed\/ein-romantischer-heiratsantrag-in-istanbul\/#breadcrumb\"},\"inLanguage\":\"de-DE\",\"potentialAction\":[{\"@type\":\"ReadAction\",\"target\":[\"https:\/\/www.bosphorusyacht.com\/de\/kreuzfahrten__trashed\/ein-romantischer-heiratsantrag-in-istanbul\/\"]}]},{\"@type\":\"ImageObject\",\"inLanguage\":\"de-DE\",\"@id\":\"https:\/\/www.bosphorusyacht.com\/de\/kreuzfahrten__trashed\/ein-romantischer-heiratsantrag-in-istanbul\/#primaryimage\",\"url\":\"https:\/\/www.bosphorusyacht.com\/wp-content\/uploads\/2012\/09\/marriage-proposal-istanbul-300x150.jpg\",\"contentUrl\":\"https:\/\/www.bosphorusyacht.com\/wp-content\/uploads\/2012\/09\/marriage-proposal-istanbul-300x150.jpg\"},{\"@type\":\"BreadcrumbList\",\"@id\":\"https:\/\/www.bosphorusyacht.com\/de\/kreuzfahrten__trashed\/ein-romantischer-heiratsantrag-in-istanbul\/#breadcrumb\",\"itemListElement\":[{\"@type\":\"ListItem\",\"position\":1,\"name\":\"Home\",\"item\":\"https:\/\/www.bosphorusyacht.com\/de\/luxuriose-bosporus-kreuzfahrt-in-istanbul-auf-einer-privaten-yacht\/\"},{\"@type\":\"ListItem\",\"position\":2,\"name\":\"Bootsausfl\u00fcge\",\"item\":\"https:\/\/www.bosphorusyacht.com\/de\/?page_id=11540\"},{\"@type\":\"ListItem\",\"position\":3,\"name\":\"Ein romantischer Heiratsantrag in Istanbul\"}]},{\"@type\":\"WebSite\",\"@id\":\"https:\/\/www.bosphorusyacht.com\/#website\",\"url\":\"https:\/\/www.bosphorusyacht.com\/\",\"name\":\"Zoe Yacht-Kreuzfahrten\",\"description\":\"Istanbul & Bosporus-Kreuzfahrten auf einer Privatyacht\",\"potentialAction\":[{\"@type\":\"SearchAction\",\"target\":{\"@type\":\"EntryPoint\",\"urlTemplate\":\"https:\/\/www.bosphorusyacht.com\/?s={search_term_string}\"},\"query-input\":{\"@type\":\"PropertyValueSpecification\",\"valueRequired\":true,\"valueName\":\"search_term_string\"}}],\"inLanguage\":\"de-DE\"}]}<\/script>\n<!-- \/ Yoast SEO plugin. -->","yoast_head_json":{"title":"Ein romantischer Heiratsantrag in Istanbul - Zoe Yacht-Kreuzfahrten","description":"Suchen Sie nach dem perfekten Ort, \u201cum die Frage aller Fragen zu stellen\u201d? Die privaten Kreuzfahrten bei Sonnenuntergang oder mit Dinner von Zoe Yacht...","robots":{"index":"index","follow":"follow","max-snippet":"max-snippet:-1","max-image-preview":"max-image-preview:large","max-video-preview":"max-video-preview:-1"},"canonical":"https:\/\/www.bosphorusyacht.com\/de\/kreuzfahrten__trashed\/ein-romantischer-heiratsantrag-in-istanbul\/","twitter_misc":{"Gesch\u00e4tzte Lesezeit":"4 Minuten"},"schema":{"@context":"https:\/\/schema.org","@graph":[{"@type":"WebPage","@id":"https:\/\/www.bosphorusyacht.com\/de\/kreuzfahrten__trashed\/ein-romantischer-heiratsantrag-in-istanbul\/","url":"https:\/\/www.bosphorusyacht.com\/de\/kreuzfahrten__trashed\/ein-romantischer-heiratsantrag-in-istanbul\/","name":"Ein romantischer Heiratsantrag in Istanbul - Zoe Yacht-Kreuzfahrten","isPartOf":{"@id":"https:\/\/www.bosphorusyacht.com\/#website"},"primaryImageOfPage":{"@id":"https:\/\/www.bosphorusyacht.com\/de\/kreuzfahrten__trashed\/ein-romantischer-heiratsantrag-in-istanbul\/#primaryimage"},"image":{"@id":"https:\/\/www.bosphorusyacht.com\/de\/kreuzfahrten__trashed\/ein-romantischer-heiratsantrag-in-istanbul\/#primaryimage"},"thumbnailUrl":"https:\/\/www.bosphorusyacht.com\/wp-content\/uploads\/2012\/09\/marriage-proposal-istanbul-300x150.jpg","datePublished":"2013-06-14T10:07:53+00:00","dateModified":"2024-06-25T13:14:52+00:00","description":"Suchen Sie nach dem perfekten Ort, \u201cum die Frage aller Fragen zu stellen\u201d? Die privaten Kreuzfahrten bei Sonnenuntergang oder mit Dinner von Zoe Yacht...","breadcrumb":{"@id":"https:\/\/www.bosphorusyacht.com\/de\/kreuzfahrten__trashed\/ein-romantischer-heiratsantrag-in-istanbul\/#breadcrumb"},"inLanguage":"de-DE","potentialAction":[{"@type":"ReadAction","target":["https:\/\/www.bosphorusyacht.com\/de\/kreuzfahrten__trashed\/ein-romantischer-heiratsantrag-in-istanbul\/"]}]},{"@type":"ImageObject","inLanguage":"de-DE","@id":"https:\/\/www.bosphorusyacht.com\/de\/kreuzfahrten__trashed\/ein-romantischer-heiratsantrag-in-istanbul\/#primaryimage","url":"https:\/\/www.bosphorusyacht.com\/wp-content\/uploads\/2012\/09\/marriage-proposal-istanbul-300x150.jpg","contentUrl":"https:\/\/www.bosphorusyacht.com\/wp-content\/uploads\/2012\/09\/marriage-proposal-istanbul-300x150.jpg"},{"@type":"BreadcrumbList","@id":"https:\/\/www.bosphorusyacht.com\/de\/kreuzfahrten__trashed\/ein-romantischer-heiratsantrag-in-istanbul\/#breadcrumb","itemListElement":[{"@type":"ListItem","position":1,"name":"Home","item":"https:\/\/www.bosphorusyacht.com\/de\/luxuriose-bosporus-kreuzfahrt-in-istanbul-auf-einer-privaten-yacht\/"},{"@type":"ListItem","position":2,"name":"Bootsausfl\u00fcge","item":"https:\/\/www.bosphorusyacht.com\/de\/?page_id=11540"},{"@type":"ListItem","position":3,"name":"Ein romantischer Heiratsantrag in Istanbul"}]},{"@type":"WebSite","@id":"https:\/\/www.bosphorusyacht.com\/#website","url":"https:\/\/www.bosphorusyacht.com\/","name":"Zoe Yacht-Kreuzfahrten","description":"Istanbul & Bosporus-Kreuzfahrten auf einer Privatyacht","potentialAction":[{"@type":"SearchAction","target":{"@type":"EntryPoint","urlTemplate":"https:\/\/www.bosphorusyacht.com\/?s={search_term_string}"},"query-input":{"@type":"PropertyValueSpecification","valueRequired":true,"valueName":"search_term_string"}}],"inLanguage":"de-DE"}]}},"_links":{"self":[{"href":"https:\/\/www.bosphorusyacht.com\/de\/wp-json\/wp\/v2\/pages\/3117","targetHints":{"allow":["GET"]}}],"collection":[{"href":"https:\/\/www.bosphorusyacht.com\/de\/wp-json\/wp\/v2\/pages"}],"about":[{"href":"https:\/\/www.bosphorusyacht.com\/de\/wp-json\/wp\/v2\/types\/page"}],"author":[{"embeddable":true,"href":"https:\/\/www.bosphorusyacht.com\/de\/wp-json\/wp\/v2\/users\/2"}],"replies":[{"embeddable":true,"href":"https:\/\/www.bosphorusyacht.com\/de\/wp-json\/wp\/v2\/comments?post=3117"}],"version-history":[{"count":0,"href":"https:\/\/www.bosphorusyacht.com\/de\/wp-json\/wp\/v2\/pages\/3117\/revisions"}],"up":[{"embeddable":true,"href":"https:\/\/www.bosphorusyacht.com\/de\/wp-json\/wp\/v2\/pages\/11540"}],"wp:attachment":[{"href":"https:\/\/www.bosphorusyacht.com\/de\/wp-json\/wp\/v2\/media?parent=3117"}],"curies":[{"name":"wp","href":"https:\/\/api.w.org\/{rel}","templated":true}]}}