{"id":3255,"date":"2013-06-24T15:08:06","date_gmt":"2013-06-24T12:08:06","guid":{"rendered":"https:\/\/www.bosphorusyacht.com\/?p=3255"},"modified":"2025-03-24T11:58:48","modified_gmt":"2025-03-24T09:58:48","slug":"kontakt","status":"publish","type":"page","link":"https:\/\/www.bosphorusyacht.com\/de\/kontakt\/","title":{"rendered":"Kontaktieren Sie Zoe Yacht Istanbul &#8211; Buchen Sie Ihre private Bosporus-Kreuzfahrt"},"content":{"rendered":"<p><img loading=\"lazy\" decoding=\"async\" width=\"600\" height=\"338\" class=\"alignnone size-large wp-image-16636\" src=\"https:\/\/www.bosphorusyacht.com\/wp-content\/uploads\/2025\/03\/bosphorus-cruise-istanbul-yacht-zoe-2-four-seasons-hotel-105005_0020_D-600x338.jpg\" alt=\"\" srcset=\"https:\/\/www.bosphorusyacht.com\/wp-content\/uploads\/2025\/03\/bosphorus-cruise-istanbul-yacht-zoe-2-four-seasons-hotel-105005_0020_D-600x338.jpg 600w, https:\/\/www.bosphorusyacht.com\/wp-content\/uploads\/2025\/03\/bosphorus-cruise-istanbul-yacht-zoe-2-four-seasons-hotel-105005_0020_D-300x169.jpg 300w, https:\/\/www.bosphorusyacht.com\/wp-content\/uploads\/2025\/03\/bosphorus-cruise-istanbul-yacht-zoe-2-four-seasons-hotel-105005_0020_D-100x56.jpg 100w, https:\/\/www.bosphorusyacht.com\/wp-content\/uploads\/2025\/03\/bosphorus-cruise-istanbul-yacht-zoe-2-four-seasons-hotel-105005_0020_D.jpg 711w\" sizes=\"auto, (max-width: 600px) 100vw, 600px\" \/><\/p>\n<p><strong>Vielen Dank f\u00fcr Ihr Interesse an <a href=\"https:\/\/www.bosphorusyacht.com\">Zoe Yacht Istanbul<\/a>.<\/strong> Wir bieten das ganze Jahr \u00fcber private Kreuzfahrten auf dem Bosporus an und freuen uns darauf, Sie an Bord begr\u00fc\u00dfen zu d\u00fcrfen!<\/p>\n<section class=\"contact-section\">\n<h2>Reservieren oder eine Frage stellen<\/h2>\n<ul>\n<li>F\u00fcr sofortige Reservierungen, Preise und Verf\u00fcgbarkeit:<br \/>\nBitte benutzen Sie unser <a href=\"https:\/\/secure2.bosphorusyacht.com\/\" target=\"_blank\" rel=\"noopener\">sicheres Online-Buchungssystem<\/a> auf dieser Website.<\/li>\n<li>F\u00fcr allgemeine Anfragen, Gruppenangebote oder Sonderw\u00fcnsche:<br \/>\nBitte kontaktieren Sie uns direkt per E-Mail oder WhatsApp. Wir bem\u00fchen uns um eine rasche Antwort.<\/li>\n<\/ul>\n<p><strong>E-Mail:<\/strong> <a href=\"mailto:info@bosphorusyacht.com?subject=Zoe%20Yacht%20Istanbul%20-%20Information%20and%20Reservations\">info@bosphorusyacht.com<\/a><\/p>\n<p><strong>Telefon \/ WhatsApp:<\/strong> <a href=\"https:\/\/wa.me\/905322007158\" target=\"_blank\" rel=\"noopener\">+90 532 200 7158<\/a><\/p>\n<p>B\u00fcrozeiten: Montag bis Freitag, 9-17 Uhr (Zeitzone: GMT+2)<br \/>\nAu\u00dferhalb der B\u00fcrozeiten: Bitte senden Sie uns eine E-Mail, oder nutzen Sie f\u00fcr Last-Minute-Reservierungen unser Online-Buchungssystem.<\/p>\n<\/section>\n<section class=\"contact-section\">\n<h2>M\u00f6gen &amp; Folgen Sie uns auf Social Media<\/h2>\n<p>In dringenden F\u00e4llen oder bei Buchungen in letzter Minute kontaktieren Sie uns bitte per E-Mail (nicht \u00fcber soziale Medien) &#8211; E-Mail ist immer noch der schnellste Weg, uns zu erreichen!<\/p>\n<ul>\n<li>Instagram: <a href=\"https:\/\/www.instagram.com\/zoeyachtbosphoruscruise\/\">@zoeyachtistanbul<\/a><\/li>\n<li>Facebook: <a href=\"https:\/\/www.facebook.com\/ZoeYachtCruises\/\">@ZoeYachtCruises<\/a><\/li>\n<li>Twitter: <a href=\"https:\/\/twitter.com\/ZoeYachtCruises\">@ZoeYachtCruises<\/a><\/li>\n<\/ul>\n<h2>Gesprochene Sprachen<\/h2>\n<p>Wir sprechen flie\u00dfend Englisch und T\u00fcrkisch und werden unser Bestes tun, um Ihnen in anderen Sprachen zu helfen.<\/p>\n<h2>Programme &amp; Reiseziele:<\/h2>\n<p>Hier finden Sie alle <a href=\"https:\/\/www.bosphorusyacht.com\/cruises\/\">Reiseprogramme, Reiseziele und Istanbul-Kreuzfahrtoptionen<\/a>.<\/p>\n<h2>T\u00e4glicher Zeitplan &amp; Preise:<\/h2>\n<p>Unsere Kreuzfahrten finden das ganze Jahr \u00fcber t\u00e4glich statt.<br \/>\nUnsere <a href=\"https:\/\/www.bosphorusyacht.com\/prices\/\">Abfahrtszeiten und Preisoptionen<\/a> finden Sie hier.<\/p>\n<\/section>\n<h2>Yacht Abfahrtsorte &amp; Adresse<\/h2>\n<p><strong>Zoe Yacht Bosphorus Cruise Istanbul<\/strong><br \/>\nKuru\u00e7e\u015fme Cd., 34345 Be\u015fikta\u015f\/\u0130stanbul, T\u00fcrkei.<br \/>\n(am Bosporus-Kai, gegen\u00fcber Migros)<\/p>\n<p><strong>Abfahrtsorte:<\/strong><br \/>\nDie Yacht f\u00e4hrt von zentralen Anlegestellen in Istanbul ab, abh\u00e4ngig von Ihrem Kreuzfahrt-Typ und dem gew\u00e4hlten Abfahrtsort. Bitte entnehmen Sie Ihrer Buchungsbest\u00e4tigung per E-Mail die vollst\u00e4ndigen Anweisungen zum Einsteigen und die Google-Karte.<br \/>\n<a href=\"https:\/\/www.bosphorusyacht.com\/pick-drop-off-neighborhoods\/\">Hier finden Sie alle Anlegestellen f\u00fcr die Abholung und R\u00fcckgabe<\/a><\/p>\n<p><strong>St\u00e4ndiger Liegeplatz:<br \/>\n<\/strong>Unten ist der st\u00e4ndige Liegeplatz der Yacht angegeben, wenn sie nicht auf Tour ist. Bitte beachten Sie: Die Yacht kann sich an einem anderen Ort oder an einem anderen Pier befinden, je nach dem t\u00e4glichen Tourplan oder individuellen Vereinbarungen. Den genauen Treffpunkt entnehmen Sie bitte Ihrer Buchungsbest\u00e4tigung per E-Mail.<\/p>\n<p><iframe loading=\"lazy\" style=\"border: 0;\" src=\"https:\/\/www.google.com\/maps\/embed?pb=!1m18!1m12!1m3!1d3008.4328592196807!2d29.034430315415573!3d41.059529979295526!2m3!1f0!2f0!3f0!3m2!1i1024!2i768!4f13.1!3m3!1m2!1s0x14cab62e4d587a43%3A0x1a8ceb8ebe112141!2sZoe+Yacht+Bosphorus+Cruise+Istanbul!5e0!3m2!1sen!2s!4v1476784502308\" width=\"600\" height=\"450\" allowfullscreen=\"allowfullscreen\"><\/iframe><\/p>\n<section class=\"contact-section\">\n<h2>Online buchen &#8211; sofort und sicher<\/h2>\n<p><a href=\"https:\/\/secure2.bosphorusyacht.com\/\" target=\"_blank\" rel=\"noopener\"><strong>Klicken Sie hier, um die Verf\u00fcgbarkeit zu pr\u00fcfen und jetzt zu buchen<\/strong><\/a><br \/>\nWir akzeptieren Visa, MasterCard und AMEX. Alle Online-Buchungen werden sofort mit einer E-Mail-Best\u00e4tigung an Sie gesendet. Vollst\u00e4ndig lizenziert und versichert.<\/p>\n<h2>Zuverl\u00e4ssig &amp; lizenziert<\/h2>\n<ul>\n<li>Zoe Yacht ist von der t\u00fcrkischen Schifffahrtskammer und T\u00dcRSAB voll lizenziert.<\/li>\n<li>Seit mehr als 15 Jahren vertrauen uns Reisende mit hervorragenden Bewertungen.<\/li>\n<li>Empfohlen von Travel + Leisure, BBC Travel, The Guide Istanbul und anderen.<\/li>\n<\/ul>\n<\/section>\n<p><script type=\"application\/ld+json\">\n{\n  \"@context\": \"https:\/\/schema.org\",\n  \"@type\": \"LocalBusiness\",\n  \"name\": \"Zoe Yacht Istanbul\",\n  \"url\": \"https:\/\/www.bosphorusyacht.com\",\n  \"logo\": \"https:\/\/www.bosphorusyacht.com\/wp-content\/uploads\/logo.png\",\n  \"image\": \"https:\/\/www.bosphorusyacht.com\/wp-content\/uploads\/zoe-yacht-bosphorus.jpg\",\n  \"description\": \"Zoe Yacht offers private Bosphorus yacht cruises in Istanbul, ideal for couples, families, groups and celebrations.\",\n  \"address\": {\n    \"@type\": \"PostalAddress\",\n    \"streetAddress\": \"Kuru\u00e7e\u015fme Cd.\",\n    \"addressLocality\": \"Be\u015fikta\u015f\",\n    \"postalCode\": \"34345\",\n    \"addressCountry\": \"TR\"\n  },\n  \"geo\": {\n    \"@type\": \"GeoCoordinates\",\n    \"latitude\": 41.055,\n    \"longitude\": 29.021\n  },\n  \"contactPoint\": {\n    \"@type\": \"ContactPoint\",\n    \"telephone\": \"+90-532-200-7158\",\n    \"contactType\": \"Customer Service\",\n    \"areaServed\": \"TR\",\n    \"availableLanguage\": [\"English\", \"Turkish\"]\n  },\n  \"sameAs\": [\n    \"https:\/\/www.instagram.com\/zoeyachtbosphoruscruise\",\n    \"https:\/\/www.facebook.com\/ZoeYachtCruises\",\n    \"https:\/\/twitter.com\/ZoeYachtCruises\"\n  ]\n}\n<\/script><\/p>\n","protected":false},"excerpt":{"rendered":"<p>Vielen Dank f\u00fcr Ihr Interesse an Zoe Yacht Istanbul. Wir bieten das ganze Jahr \u00fcber private Kreuzfahrten auf dem Bosporus an und freuen uns darauf, Sie an Bord begr\u00fc\u00dfen zu d\u00fcrfen! Reservieren oder eine Frage stellen F\u00fcr sofortige Reservierungen, Preise und Verf\u00fcgbarkeit: Bitte benutzen Sie unser sicheres Online-Buchungssystem auf dieser Website. F\u00fcr allgemeine Anfragen, Gruppenangebote<\/p>\n","protected":false},"author":1,"featured_media":0,"parent":0,"menu_order":0,"comment_status":"open","ping_status":"closed","template":"","meta":{"_acf_changed":false,"footnotes":""},"class_list":["post-3255","page","type-page","status-publish","hentry"],"acf":[],"yoast_head":"<!-- This site is optimized with the Yoast SEO plugin v25.2 - https:\/\/yoast.com\/wordpress\/plugins\/seo\/ -->\n<title>Kontakt Zoe Yacht Istanbul | Offizielle Seite | BosphorusYacht.com<\/title>\n<meta name=\"description\" content=\"Buchen oder erkundigen Sie sich jetzt nach privaten Yachttouren in Istanbul. Kontaktieren Sie Zoe Yacht f\u00fcr Reservierungen, Preise, Gruppenangebote und Verf\u00fcgbarkeit in letzter Minute.\" \/>\n<meta name=\"robots\" content=\"index, follow, max-snippet:-1, max-image-preview:large, max-video-preview:-1\" \/>\n<link rel=\"canonical\" href=\"https:\/\/www.bosphorusyacht.com\/de\/kontakt\/\" \/>\n<meta name=\"twitter:label1\" content=\"Gesch\u00e4tzte Lesezeit\" \/>\n\t<meta name=\"twitter:data1\" content=\"2 Minuten\" \/>\n<script type=\"application\/ld+json\" class=\"yoast-schema-graph\">{\"@context\":\"https:\/\/schema.org\",\"@graph\":[{\"@type\":\"WebPage\",\"@id\":\"https:\/\/www.bosphorusyacht.com\/de\/kontakt\/\",\"url\":\"https:\/\/www.bosphorusyacht.com\/de\/kontakt\/\",\"name\":\"Kontakt Zoe Yacht Istanbul | Offizielle Seite | BosphorusYacht.com\",\"isPartOf\":{\"@id\":\"https:\/\/www.bosphorusyacht.com\/#website\"},\"primaryImageOfPage\":{\"@id\":\"https:\/\/www.bosphorusyacht.com\/de\/kontakt\/#primaryimage\"},\"image\":{\"@id\":\"https:\/\/www.bosphorusyacht.com\/de\/kontakt\/#primaryimage\"},\"thumbnailUrl\":\"https:\/\/www.bosphorusyacht.com\/wp-content\/uploads\/2025\/03\/bosphorus-cruise-istanbul-yacht-zoe-2-four-seasons-hotel-105005_0020_D-600x338.jpg\",\"datePublished\":\"2013-06-24T12:08:06+00:00\",\"dateModified\":\"2025-03-24T09:58:48+00:00\",\"description\":\"Buchen oder erkundigen Sie sich jetzt nach privaten Yachttouren in Istanbul. Kontaktieren Sie Zoe Yacht f\u00fcr Reservierungen, Preise, Gruppenangebote und Verf\u00fcgbarkeit in letzter Minute.\",\"breadcrumb\":{\"@id\":\"https:\/\/www.bosphorusyacht.com\/de\/kontakt\/#breadcrumb\"},\"inLanguage\":\"de-DE\",\"potentialAction\":[{\"@type\":\"ReadAction\",\"target\":[\"https:\/\/www.bosphorusyacht.com\/de\/kontakt\/\"]}]},{\"@type\":\"ImageObject\",\"inLanguage\":\"de-DE\",\"@id\":\"https:\/\/www.bosphorusyacht.com\/de\/kontakt\/#primaryimage\",\"url\":\"https:\/\/www.bosphorusyacht.com\/wp-content\/uploads\/2025\/03\/bosphorus-cruise-istanbul-yacht-zoe-2-four-seasons-hotel-105005_0020_D-600x338.jpg\",\"contentUrl\":\"https:\/\/www.bosphorusyacht.com\/wp-content\/uploads\/2025\/03\/bosphorus-cruise-istanbul-yacht-zoe-2-four-seasons-hotel-105005_0020_D-600x338.jpg\"},{\"@type\":\"BreadcrumbList\",\"@id\":\"https:\/\/www.bosphorusyacht.com\/de\/kontakt\/#breadcrumb\",\"itemListElement\":[{\"@type\":\"ListItem\",\"position\":1,\"name\":\"Home\",\"item\":\"https:\/\/www.bosphorusyacht.com\/de\/luxuriose-bosporus-kreuzfahrt-in-istanbul-auf-einer-privaten-yacht\/\"},{\"@type\":\"ListItem\",\"position\":2,\"name\":\"Kontaktieren Sie Zoe Yacht Istanbul &#8211; Buchen Sie Ihre private Bosporus-Kreuzfahrt\"}]},{\"@type\":\"WebSite\",\"@id\":\"https:\/\/www.bosphorusyacht.com\/#website\",\"url\":\"https:\/\/www.bosphorusyacht.com\/\",\"name\":\"Zoe Yacht-Kreuzfahrten\",\"description\":\"Istanbul & Bosporus-Kreuzfahrten auf einer Privatyacht\",\"potentialAction\":[{\"@type\":\"SearchAction\",\"target\":{\"@type\":\"EntryPoint\",\"urlTemplate\":\"https:\/\/www.bosphorusyacht.com\/?s={search_term_string}\"},\"query-input\":{\"@type\":\"PropertyValueSpecification\",\"valueRequired\":true,\"valueName\":\"search_term_string\"}}],\"inLanguage\":\"de-DE\"}]}<\/script>\n<!-- \/ Yoast SEO plugin. -->","yoast_head_json":{"title":"Kontakt Zoe Yacht Istanbul | Offizielle Seite | BosphorusYacht.com","description":"Buchen oder erkundigen Sie sich jetzt nach privaten Yachttouren in Istanbul. Kontaktieren Sie Zoe Yacht f\u00fcr Reservierungen, Preise, Gruppenangebote und Verf\u00fcgbarkeit in letzter Minute.","robots":{"index":"index","follow":"follow","max-snippet":"max-snippet:-1","max-image-preview":"max-image-preview:large","max-video-preview":"max-video-preview:-1"},"canonical":"https:\/\/www.bosphorusyacht.com\/de\/kontakt\/","twitter_misc":{"Gesch\u00e4tzte Lesezeit":"2 Minuten"},"schema":{"@context":"https:\/\/schema.org","@graph":[{"@type":"WebPage","@id":"https:\/\/www.bosphorusyacht.com\/de\/kontakt\/","url":"https:\/\/www.bosphorusyacht.com\/de\/kontakt\/","name":"Kontakt Zoe Yacht Istanbul | Offizielle Seite | BosphorusYacht.com","isPartOf":{"@id":"https:\/\/www.bosphorusyacht.com\/#website"},"primaryImageOfPage":{"@id":"https:\/\/www.bosphorusyacht.com\/de\/kontakt\/#primaryimage"},"image":{"@id":"https:\/\/www.bosphorusyacht.com\/de\/kontakt\/#primaryimage"},"thumbnailUrl":"https:\/\/www.bosphorusyacht.com\/wp-content\/uploads\/2025\/03\/bosphorus-cruise-istanbul-yacht-zoe-2-four-seasons-hotel-105005_0020_D-600x338.jpg","datePublished":"2013-06-24T12:08:06+00:00","dateModified":"2025-03-24T09:58:48+00:00","description":"Buchen oder erkundigen Sie sich jetzt nach privaten Yachttouren in Istanbul. Kontaktieren Sie Zoe Yacht f\u00fcr Reservierungen, Preise, Gruppenangebote und Verf\u00fcgbarkeit in letzter Minute.","breadcrumb":{"@id":"https:\/\/www.bosphorusyacht.com\/de\/kontakt\/#breadcrumb"},"inLanguage":"de-DE","potentialAction":[{"@type":"ReadAction","target":["https:\/\/www.bosphorusyacht.com\/de\/kontakt\/"]}]},{"@type":"ImageObject","inLanguage":"de-DE","@id":"https:\/\/www.bosphorusyacht.com\/de\/kontakt\/#primaryimage","url":"https:\/\/www.bosphorusyacht.com\/wp-content\/uploads\/2025\/03\/bosphorus-cruise-istanbul-yacht-zoe-2-four-seasons-hotel-105005_0020_D-600x338.jpg","contentUrl":"https:\/\/www.bosphorusyacht.com\/wp-content\/uploads\/2025\/03\/bosphorus-cruise-istanbul-yacht-zoe-2-four-seasons-hotel-105005_0020_D-600x338.jpg"},{"@type":"BreadcrumbList","@id":"https:\/\/www.bosphorusyacht.com\/de\/kontakt\/#breadcrumb","itemListElement":[{"@type":"ListItem","position":1,"name":"Home","item":"https:\/\/www.bosphorusyacht.com\/de\/luxuriose-bosporus-kreuzfahrt-in-istanbul-auf-einer-privaten-yacht\/"},{"@type":"ListItem","position":2,"name":"Kontaktieren Sie Zoe Yacht Istanbul &#8211; Buchen Sie Ihre private Bosporus-Kreuzfahrt"}]},{"@type":"WebSite","@id":"https:\/\/www.bosphorusyacht.com\/#website","url":"https:\/\/www.bosphorusyacht.com\/","name":"Zoe Yacht-Kreuzfahrten","description":"Istanbul & Bosporus-Kreuzfahrten auf einer Privatyacht","potentialAction":[{"@type":"SearchAction","target":{"@type":"EntryPoint","urlTemplate":"https:\/\/www.bosphorusyacht.com\/?s={search_term_string}"},"query-input":{"@type":"PropertyValueSpecification","valueRequired":true,"valueName":"search_term_string"}}],"inLanguage":"de-DE"}]}},"_links":{"self":[{"href":"https:\/\/www.bosphorusyacht.com\/de\/wp-json\/wp\/v2\/pages\/3255","targetHints":{"allow":["GET"]}}],"collection":[{"href":"https:\/\/www.bosphorusyacht.com\/de\/wp-json\/wp\/v2\/pages"}],"about":[{"href":"https:\/\/www.bosphorusyacht.com\/de\/wp-json\/wp\/v2\/types\/page"}],"author":[{"embeddable":true,"href":"https:\/\/www.bosphorusyacht.com\/de\/wp-json\/wp\/v2\/users\/1"}],"replies":[{"embeddable":true,"href":"https:\/\/www.bosphorusyacht.com\/de\/wp-json\/wp\/v2\/comments?post=3255"}],"version-history":[{"count":0,"href":"https:\/\/www.bosphorusyacht.com\/de\/wp-json\/wp\/v2\/pages\/3255\/revisions"}],"wp:attachment":[{"href":"https:\/\/www.bosphorusyacht.com\/de\/wp-json\/wp\/v2\/media?parent=3255"}],"curies":[{"name":"wp","href":"https:\/\/api.w.org\/{rel}","templated":true}]}}