{"id":2689,"date":"2013-04-16T10:39:09","date_gmt":"2013-04-16T07:39:09","guid":{"rendered":"https:\/\/www.bosphorusyacht.com\/?p=2689"},"modified":"2024-03-29T02:02:20","modified_gmt":"2024-03-29T00:02:20","slug":"especificaciones-de-nuestra-embarcacion","status":"publish","type":"page","link":"https:\/\/www.bosphorusyacht.com\/es\/cruceros\/crucero-de-almuerzo-en-el-bosforo\/yates\/especificaciones-de-nuestra-embarcacion\/","title":{"rendered":"Especificaciones de nuestra embarcaci\u00f3n"},"content":{"rendered":"<table>\n<thead>\n<tr>\n<th><\/th>\n<th>Especificaciones t\u00e9cnicas de nuestro yate Zoe<\/th>\n<\/tr>\n<\/thead>\n<tbody>\n<tr>\n<td data-title=\"Column 1\">Name:<\/td>\n<td data-title=\"Column 1\">Zoe Yacht<\/td>\n<\/tr>\n<tr>\n<td data-title=\"Column 2\">Capacidad:<\/td>\n<td data-title=\"Column 2\">hasta 12 invitados<\/td>\n<\/tr>\n<tr>\n<td data-title=\"Column 3\">Puerto:<\/td>\n<td data-title=\"Column 3\">Estambul<\/td>\n<\/tr>\n<tr>\n<td data-title=\"Column 4\">Longitud:<\/td>\n<td data-title=\"Column 4\">17 metros<\/td>\n<\/tr>\n<tr>\n<td data-title=\"Column 5\">Anchura:<\/td>\n<td data-title=\"Column 5\">4,90 metros<\/td>\n<\/tr>\n<tr>\n<td data-title=\"Column 5\">Calado:<\/td>\n<td data-title=\"Column 5\">2,10 metros<\/td>\n<\/tr>\n<tr>\n<td data-title=\"Column 5\">Tipo de motor:<\/td>\n<td data-title=\"Column 5\">2 x 400 CV Cummins<\/td>\n<\/tr>\n<tr>\n<td data-title=\"Column 5\">Generador del motor principal:<\/td>\n<td data-title=\"Column 5\">7,5 kw Perkins Generators<\/td>\n<\/tr>\n<tr>\n<td data-title=\"Column 5\">Capacidad de cabina:<\/td>\n<td data-title=\"Column 5\">cabina de mando, cabina de tripulaci\u00f3n, servicio y ducha, sal\u00f3n interior, sal\u00f3n exterior, cocina y puente volante.<\/td>\n<\/tr>\n<tr>\n<td data-title=\"Column 5\">Electronics:<\/td>\n<td data-title=\"Column 5\">GPS de navegaci\u00f3n completa, radar, piloto autom\u00e1tico, W.H.F. Tuner Whecef, calentador el\u00e9ctrico de agua, sistema el\u00e9ctrico de 220v-24v-12v<\/td>\n<\/tr>\n<tr>\n<td data-title=\"Column 5\">Cocina:<\/td>\n<td data-title=\"Column 5\">completamente equipada<\/td>\n<\/tr>\n<tr>\n<td data-title=\"Column 5\">Acabados:<\/td>\n<td data-title=\"Column 5\">caoba y revestimiento de teca, dise\u00f1ado en curtido especial.<\/td>\n<\/tr>\n<tr>\n<td data-title=\"Column 5\">Otro:<\/td>\n<td data-title=\"Column 5\"><\/td>\n<\/tr>\n<\/tbody>\n<\/table>\n<hr class=\"space1\" \/>\n<h3 class=\"title-style1\">Para informaci\u00f3n, reserva y alquileres de yate en Estambul:<span class=\"title-block\"><\/span><\/h3>\n<p><a id=\"btn_email\"   href=\"mailto:info@bosphorusyacht.com\">Env\u00edanos un correo electr\u00f3nico para pedir un presupuesto gratuito<\/a><\/p>\n","protected":false},"excerpt":{"rendered":"<p>Especificaciones t\u00e9cnicas de nuestro yate Zoe Name: Zoe Yacht Capacidad: hasta 12 invitados Puerto: Estambul Longitud: 17 metros Anchura: 4,90 metros Calado: 2,10 metros Tipo de motor: 2 x 400 CV Cummins Generador del motor principal: 7,5 kw Perkins Generators Capacidad de cabina: cabina de mando, cabina de tripulaci\u00f3n, servicio y ducha, sal\u00f3n interior, sal\u00f3n<\/p>\n","protected":false},"author":2,"featured_media":0,"parent":2708,"menu_order":0,"comment_status":"open","ping_status":"closed","template":"","meta":{"_acf_changed":false,"footnotes":""},"class_list":["post-2689","page","type-page","status-publish","hentry"],"acf":[],"yoast_head":"<!-- This site is optimized with the Yoast SEO plugin v25.2 - https:\/\/yoast.com\/wordpress\/plugins\/seo\/ -->\n<title>Especificaciones de nuestra embarcaci\u00f3n - Cruceros Zoe Yacht<\/title>\n<meta name=\"description\" content=\"Admira las especificaciones de nuestra embarcaci\u00f3n de Zoe Yacht, un yate a motor precioso que te conducir\u00e1 por tours y cruceros diarios en el B\u00f3sforo. Reserva nuestros mejores precios hoy.\" \/>\n<meta name=\"robots\" content=\"index, follow, max-snippet:-1, max-image-preview:large, max-video-preview:-1\" \/>\n<link rel=\"canonical\" href=\"https:\/\/www.bosphorusyacht.com\/es\/cruceros\/crucero-de-almuerzo-en-el-bosforo\/yates\/especificaciones-de-nuestra-embarcacion\/\" \/>\n<script type=\"application\/ld+json\" class=\"yoast-schema-graph\">{\"@context\":\"https:\/\/schema.org\",\"@graph\":[{\"@type\":\"WebPage\",\"@id\":\"https:\/\/www.bosphorusyacht.com\/es\/cruceros\/crucero-de-almuerzo-en-el-bosforo\/yates\/especificaciones-de-nuestra-embarcacion\/\",\"url\":\"https:\/\/www.bosphorusyacht.com\/es\/cruceros\/crucero-de-almuerzo-en-el-bosforo\/yates\/especificaciones-de-nuestra-embarcacion\/\",\"name\":\"Especificaciones de nuestra embarcaci\u00f3n - Cruceros Zoe Yacht\",\"isPartOf\":{\"@id\":\"https:\/\/www.bosphorusyacht.com\/#website\"},\"datePublished\":\"2013-04-16T07:39:09+00:00\",\"dateModified\":\"2024-03-29T00:02:20+00:00\",\"description\":\"Admira las especificaciones de nuestra embarcaci\u00f3n de Zoe Yacht, un yate a motor precioso que te conducir\u00e1 por tours y cruceros diarios en el B\u00f3sforo. Reserva nuestros mejores precios hoy.\",\"breadcrumb\":{\"@id\":\"https:\/\/www.bosphorusyacht.com\/es\/cruceros\/crucero-de-almuerzo-en-el-bosforo\/yates\/especificaciones-de-nuestra-embarcacion\/#breadcrumb\"},\"inLanguage\":\"es\",\"potentialAction\":[{\"@type\":\"ReadAction\",\"target\":[\"https:\/\/www.bosphorusyacht.com\/es\/cruceros\/crucero-de-almuerzo-en-el-bosforo\/yates\/especificaciones-de-nuestra-embarcacion\/\"]}]},{\"@type\":\"BreadcrumbList\",\"@id\":\"https:\/\/www.bosphorusyacht.com\/es\/cruceros\/crucero-de-almuerzo-en-el-bosforo\/yates\/especificaciones-de-nuestra-embarcacion\/#breadcrumb\",\"itemListElement\":[{\"@type\":\"ListItem\",\"position\":1,\"name\":\"Home\",\"item\":\"https:\/\/www.bosphorusyacht.com\/es\/crucero-de-lujo-por-el-bosforo-en-estambul-en-yate-privado\/\"},{\"@type\":\"ListItem\",\"position\":2,\"name\":\"Paseos en barco\",\"item\":\"https:\/\/www.bosphorusyacht.com\/es\/cruceros\/\"},{\"@type\":\"ListItem\",\"position\":3,\"name\":\"Crucero de almuerzo en el B\u00f3sforo\",\"item\":\"https:\/\/www.bosphorusyacht.com\/es\/cruceros\/crucero-de-almuerzo-en-el-bosforo\/\"},{\"@type\":\"ListItem\",\"position\":4,\"name\":\"Alquiler de Barcos, Yates y Embarcaciones en Estambul\",\"item\":\"https:\/\/www.bosphorusyacht.com\/es\/cruceros\/crucero-de-almuerzo-en-el-bosforo\/yates\/\"},{\"@type\":\"ListItem\",\"position\":5,\"name\":\"Especificaciones de nuestra embarcaci\u00f3n\"}]},{\"@type\":\"WebSite\",\"@id\":\"https:\/\/www.bosphorusyacht.com\/#website\",\"url\":\"https:\/\/www.bosphorusyacht.com\/\",\"name\":\"Cruceros Zoe Yacht\",\"description\":\"Cruceros en Estambul y el B\u00f3sforo en yate privado\",\"potentialAction\":[{\"@type\":\"SearchAction\",\"target\":{\"@type\":\"EntryPoint\",\"urlTemplate\":\"https:\/\/www.bosphorusyacht.com\/?s={search_term_string}\"},\"query-input\":{\"@type\":\"PropertyValueSpecification\",\"valueRequired\":true,\"valueName\":\"search_term_string\"}}],\"inLanguage\":\"es\"}]}<\/script>\n<!-- \/ Yoast SEO plugin. -->","yoast_head_json":{"title":"Especificaciones de nuestra embarcaci\u00f3n - Cruceros Zoe Yacht","description":"Admira las especificaciones de nuestra embarcaci\u00f3n de Zoe Yacht, un yate a motor precioso que te conducir\u00e1 por tours y cruceros diarios en el B\u00f3sforo. Reserva nuestros mejores precios hoy.","robots":{"index":"index","follow":"follow","max-snippet":"max-snippet:-1","max-image-preview":"max-image-preview:large","max-video-preview":"max-video-preview:-1"},"canonical":"https:\/\/www.bosphorusyacht.com\/es\/cruceros\/crucero-de-almuerzo-en-el-bosforo\/yates\/especificaciones-de-nuestra-embarcacion\/","schema":{"@context":"https:\/\/schema.org","@graph":[{"@type":"WebPage","@id":"https:\/\/www.bosphorusyacht.com\/es\/cruceros\/crucero-de-almuerzo-en-el-bosforo\/yates\/especificaciones-de-nuestra-embarcacion\/","url":"https:\/\/www.bosphorusyacht.com\/es\/cruceros\/crucero-de-almuerzo-en-el-bosforo\/yates\/especificaciones-de-nuestra-embarcacion\/","name":"Especificaciones de nuestra embarcaci\u00f3n - Cruceros Zoe Yacht","isPartOf":{"@id":"https:\/\/www.bosphorusyacht.com\/#website"},"datePublished":"2013-04-16T07:39:09+00:00","dateModified":"2024-03-29T00:02:20+00:00","description":"Admira las especificaciones de nuestra embarcaci\u00f3n de Zoe Yacht, un yate a motor precioso que te conducir\u00e1 por tours y cruceros diarios en el B\u00f3sforo. Reserva nuestros mejores precios hoy.","breadcrumb":{"@id":"https:\/\/www.bosphorusyacht.com\/es\/cruceros\/crucero-de-almuerzo-en-el-bosforo\/yates\/especificaciones-de-nuestra-embarcacion\/#breadcrumb"},"inLanguage":"es","potentialAction":[{"@type":"ReadAction","target":["https:\/\/www.bosphorusyacht.com\/es\/cruceros\/crucero-de-almuerzo-en-el-bosforo\/yates\/especificaciones-de-nuestra-embarcacion\/"]}]},{"@type":"BreadcrumbList","@id":"https:\/\/www.bosphorusyacht.com\/es\/cruceros\/crucero-de-almuerzo-en-el-bosforo\/yates\/especificaciones-de-nuestra-embarcacion\/#breadcrumb","itemListElement":[{"@type":"ListItem","position":1,"name":"Home","item":"https:\/\/www.bosphorusyacht.com\/es\/crucero-de-lujo-por-el-bosforo-en-estambul-en-yate-privado\/"},{"@type":"ListItem","position":2,"name":"Paseos en barco","item":"https:\/\/www.bosphorusyacht.com\/es\/cruceros\/"},{"@type":"ListItem","position":3,"name":"Crucero de almuerzo en el B\u00f3sforo","item":"https:\/\/www.bosphorusyacht.com\/es\/cruceros\/crucero-de-almuerzo-en-el-bosforo\/"},{"@type":"ListItem","position":4,"name":"Alquiler de Barcos, Yates y Embarcaciones en Estambul","item":"https:\/\/www.bosphorusyacht.com\/es\/cruceros\/crucero-de-almuerzo-en-el-bosforo\/yates\/"},{"@type":"ListItem","position":5,"name":"Especificaciones de nuestra embarcaci\u00f3n"}]},{"@type":"WebSite","@id":"https:\/\/www.bosphorusyacht.com\/#website","url":"https:\/\/www.bosphorusyacht.com\/","name":"Cruceros Zoe Yacht","description":"Cruceros en Estambul y el B\u00f3sforo en yate privado","potentialAction":[{"@type":"SearchAction","target":{"@type":"EntryPoint","urlTemplate":"https:\/\/www.bosphorusyacht.com\/?s={search_term_string}"},"query-input":{"@type":"PropertyValueSpecification","valueRequired":true,"valueName":"search_term_string"}}],"inLanguage":"es"}]}},"_links":{"self":[{"href":"https:\/\/www.bosphorusyacht.com\/es\/wp-json\/wp\/v2\/pages\/2689","targetHints":{"allow":["GET"]}}],"collection":[{"href":"https:\/\/www.bosphorusyacht.com\/es\/wp-json\/wp\/v2\/pages"}],"about":[{"href":"https:\/\/www.bosphorusyacht.com\/es\/wp-json\/wp\/v2\/types\/page"}],"author":[{"embeddable":true,"href":"https:\/\/www.bosphorusyacht.com\/es\/wp-json\/wp\/v2\/users\/2"}],"replies":[{"embeddable":true,"href":"https:\/\/www.bosphorusyacht.com\/es\/wp-json\/wp\/v2\/comments?post=2689"}],"version-history":[{"count":0,"href":"https:\/\/www.bosphorusyacht.com\/es\/wp-json\/wp\/v2\/pages\/2689\/revisions"}],"up":[{"embeddable":true,"href":"https:\/\/www.bosphorusyacht.com\/es\/wp-json\/wp\/v2\/pages\/2708"}],"wp:attachment":[{"href":"https:\/\/www.bosphorusyacht.com\/es\/wp-json\/wp\/v2\/media?parent=2689"}],"curies":[{"name":"wp","href":"https:\/\/api.w.org\/{rel}","templated":true}]}}