{"id":2701,"date":"2013-04-19T12:56:19","date_gmt":"2013-04-19T09:56:19","guid":{"rendered":"https:\/\/www.bosphorusyacht.com\/?p=2701"},"modified":"2024-03-29T02:02:28","modified_gmt":"2024-03-29T00:02:28","slug":"crucero-al-atardecer-en-el-bosforo","status":"publish","type":"page","link":"https:\/\/www.bosphorusyacht.com\/es\/cruceros\/crucero-al-atardecer-en-el-bosforo\/","title":{"rendered":"Crucero al Atardecer por el B\u00f3sforo en Estambul"},"content":{"rendered":"<p><strong>Crucero C\u00f3ctel nocturno en Estambul al atardecer de camino a tu restaurante preferido&#8230;<br \/>\n<\/strong><br \/>\n<img loading=\"lazy\" decoding=\"async\" class=\"ngg-singlepic ngg-none respond-img alignnone\" title=\"Crucero al atardecer por el B\u00f3sforo en Estambul\" src=\"https:\/\/www.bosphorusyacht.com\/wp-content\/gallery\/wm-bosphorus-cruises\/bosphorus-sunset-cruise-3.jpg\" alt=\"Crucero al atardecer por el B\u00f3sforo en Estambul\" width=\"600\" height=\"396\" \/><\/p>\n<h3>Ruta<\/h3>\n<p>Haz clic en el mapa para ampliarlo y ver la ruta que suele realizar el crucero para este crucero al atardecer en Estambul.<\/p>\n<div id=\"attachment_2149\" style=\"width: 246px\" class=\"wp-caption alignright\"><img loading=\"lazy\" decoding=\"async\" aria-describedby=\"caption-attachment-2149\" class=\"size-medium wp-image-2149\" title=\"mapa crucero atardecer\" src=\"https:\/\/www.bosphorusyacht.com\/wp-content\/uploads\/2012\/08\/routemap-bosphorus-cruise2.gif\" alt=\"Mapa crucero atardecer\" width=\"236\" height=\"300\" srcset=\"https:\/\/www.bosphorusyacht.com\/wp-content\/uploads\/2012\/08\/routemap-bosphorus-cruise2.gif 882w, https:\/\/www.bosphorusyacht.com\/wp-content\/uploads\/2012\/08\/routemap-bosphorus-cruise2-236x300.gif 236w, https:\/\/www.bosphorusyacht.com\/wp-content\/uploads\/2012\/08\/routemap-bosphorus-cruise2-473x600.gif 473w\" sizes=\"auto, (max-width: 236px) 100vw, 236px\" \/><\/p>\n<p id=\"caption-attachment-2149\" class=\"wp-caption-text\">Ruta del crucero<\/p>\n<\/div>\n<h3>Itinerario &#8211; Crucero al atardecer<\/h3>\n<p>El <strong>crucero al atardecer<\/strong> por el B\u00f3sforo en Estambul Turquia es uno de nuestros cruceros m\u00e1s populares. Mientras vas de camino a tu restaurante preferido, qu\u00e9 te parece si empiezas la noche con una bebida al atardecer en surcando el B\u00f3sforo <strong>entre dos orillas, la europea y la asi\u00e1tica.<\/strong><\/p>\n<p>Disfruta de vistas \u00fanicas, comodidad y un ambiente relajante a bordo de tu propio yate privado de noche en este crucero al atardecer en el B\u00f3sforo, solo para ti y los compa\u00f1eros que elijas, seres queridos, familia o amigos, nadie m\u00e1s.<\/p>\n<p>Ver\u00e1s algunos de los lugares m\u00e1s famosos y maravillosos del B\u00f3sforo, una gran oportunidad para hacer fotos para capturar bellas puestas de sol, palacios a pie de mar, mezquitas, mansiones y embarcaciones de todos los tama\u00f1os.<\/p>\n<p>Este crucero es id\u00f3neo para parejas, familias o peque\u00f1os grupos de amigos (hasta 12 invitados en total) que deseen experimentar el mejor momento mientra el sol se pone por el inigualable horizonte de Estambul, o para <strong>celebrar una ocasi\u00f3n especial o cena rom\u00e1ntica.<\/strong><\/p>\n<p>Despu\u00e9s de este crucero nocturno con vistas siempre cambiantes, podemos dejarte en muelles o restaurantes seleccionados del B\u00f3sforo, o en tu hotel. Una ubicaci\u00f3n realmente inmejorable para beber al aire libre en Estambul. <strong>\u00a1Altamente recomendable!<\/strong><\/p>\n<p><img loading=\"lazy\" decoding=\"async\" class=\"ngg-singlepic ngg-none respond-img\" title=\"crucero nocturno B\u00f3sforo\" src=\"https:\/\/www.bosphorusyacht.com\/wp-content\/gallery\/wm-bosphorus-cruises\/bosphorus-evening-cruise.jpg\" alt=\"crucero nocturno B\u00f3sforo\" width=\"600\" height=\"396\" \/><\/p>\n<h3>Experimentar\u00e1s:<\/h3>\n<ul>\n<li>Un crucero al atardecer en el B\u00f3sforo, entre las orillas de Europa y Asia<\/li>\n<li>Vistas \u00fanicas de los lugares m\u00e1s famosos a pie de mar y el magn\u00edfico horizonte de Estambul<\/li>\n<li>T\u00e9 o caf\u00e9 servidos de forma gratuita a bordo<\/li>\n<li>Bebidas\/c\u00f3cteles preparados con cuidado y servidos a bordo de un bar con gran variedad de bebidas alcoh\u00f3licas y no alcoh\u00f3licas (disponibles para comprar a bordo)<\/li>\n<li>Un capit\u00e1n amigable y una tripulaci\u00f3n a tu servicio<\/li>\n<li>Rel\u00e1jate en tu propio sal\u00f3n privado y puente volante de 360 grados<\/li>\n<li>Un yate solo para ti y los que t\u00fa elijas, nadie m\u00e1s<\/li>\n<li>Grandes oportunidades para capturar bellas puestas de sol, palacios a pie de mar, mezquitas, mansiones y embarcaciones de todos los tama\u00f1os<\/li>\n<\/ul>\n<p><img loading=\"lazy\" decoding=\"async\" class=\"ngg-singlepic ngg-none respond-img\" title=\"tour rom\u00e1ntico atardecer\" src=\"https:\/\/www.bosphorusyacht.com\/wp-content\/gallery\/wm-bosphorus-cruises\/bosphorus-boat-tour.jpg\" alt=\"tour rom\u00e1ntico atardecer\" width=\"600\" height=\"396\" \/><\/p>\n<h3>Restaurantes para llegada:<\/h3>\n<p>Podemos dejarte en un bonito restaurante a pie de mar del B\u00f3sforo al final del crucero, como por ejemplo:<br \/>\nPark Fora, Delmare, Poseidon and Feriye Restaurants, Kabata\u015f, \u00c7\u0131ra\u011fan Palace, Four Seasons Bosphorus, Radisson Blu Bosphorus, House Hotel Ortak\u00f6y, Reina, Angelique, Maiden&#8217;s Tower, Suada y otros restaurantes seleccionados en el B\u00f3sforo y en las \u00e1reas de Taksim o de la ciudad vieja. Por favor, p\u00eddenoslo o sugiere que te llevemos a tu hotel.<\/p>\n<h3>Horario del crucero:<\/h3>\n<p>Diario 16:15-18:15*, 17:30-19:30 (duraci\u00f3n: 2 horas)<br \/>\n*Por favor, ten en cuenta que desde noviembre a febrero, el sol se pone entre las 16:15-18:15. El resto del a\u00f1o, se pone entre las 17:30-19:30.<\/p>\n<h3>Recogida y llegada:<\/h3>\n<p>Podemos recogerte en tu hotel o embarcaci\u00f3n en Estambul con con traslado de vuelta al hotel (GRATIS para los hoteles del centro de la ciudad de la parte europea), o desde los muelles de Kuru\u00e7e\u015fme, Arnavutk\u00f6y y Kabata\u015f, hoteles y restaurantes del B\u00f3sforo seleccionados.<\/p>\n<h3>Capacidad:<\/h3>\n<p><strong>Para grupos peque\u00f1os:<\/strong> Zoe Yacht es ideal para hasta 12 invitados.<br \/>\n<strong>Para grupos m\u00e1s grandes:<\/strong> Tambi\u00e9n organizamos una variedad de yates m\u00e1s grandes para grupos mayores. Por favor, env\u00edanos un correo electr\u00f3nico con tus requerimientos.<\/p>\n<h3>Precio:<\/h3>\n<p><a title=\"Precios\" href=\"https:\/\/www.bosphorusyacht.com\/es\/zoe-yacht-precios-directos\/\">Haz clic aqu\u00ed para ver todos los precios<\/a><\/p>\n<h3>Informaci\u00f3n y reservas:<\/h3>\n<p>Crucero al atardecer por el B\u00f3sforo en Estambul: Para m\u00e1s informaci\u00f3n o preguntas, por favor, env\u00eda un correo electr\u00f3nico a: <a id=\"btn_email\" onclick=\"_gaq.push(['_trackEvent', 'Links', 'EmailUs']);\" href=\"mailto:info@bosphorusyacht.com?subject=Bosphorus Sunset Cruise by Zoe Yacht\">info@bosphorusyacht.com<\/a> Para reservas, por favor, utiliza <a onClick=\"ga('send', 'event', 'Booking', 'Book', 'Book Online Button', 'value');\" href=\"https:\/\/secure2.bosphorusyacht.com\/Client\/TourSelect?SiteID=1&amp;l=en&amp;HideCruises=1\">nuestro sistema seguro de reserva en l\u00ednea<\/a> para comprobar en tiempo real la disponibilidad y reservar cruceros al instante.<\/p>\n","protected":false},"excerpt":{"rendered":"<p>Crucero C\u00f3ctel nocturno en Estambul al atardecer de camino a tu restaurante preferido&#8230; Ruta Haz clic en el mapa para ampliarlo y ver la ruta que suele realizar el crucero para este crucero al atardecer en Estambul. Itinerario &#8211; Crucero al atardecer El crucero al atardecer por el B\u00f3sforo en Estambul Turquia es uno de<\/p>\n","protected":false},"author":2,"featured_media":0,"parent":2890,"menu_order":0,"comment_status":"open","ping_status":"closed","template":"","meta":{"_acf_changed":false,"footnotes":""},"class_list":["post-2701","page","type-page","status-publish","hentry"],"acf":[],"yoast_head":"<!-- This site is optimized with the Yoast SEO plugin v25.2 - https:\/\/yoast.com\/wordpress\/plugins\/seo\/ -->\n<title>Crucero al Atardecer por el B\u00f3sforo en Estambul - Cruceros Zoe Yacht<\/title>\n<meta name=\"description\" content=\"Disfruta de un crucero al atardecer por el B\u00f3sforo mientras tomas c\u00f3cteles y aperitivos mientras. Parte diariamente. Somos propietarios. Reserva ahora.\" \/>\n<meta name=\"robots\" content=\"index, follow, max-snippet:-1, max-image-preview:large, max-video-preview:-1\" \/>\n<link rel=\"canonical\" href=\"https:\/\/www.bosphorusyacht.com\/es\/cruceros\/crucero-al-atardecer-en-el-bosforo\/\" \/>\n<script type=\"application\/ld+json\" class=\"yoast-schema-graph\">{\"@context\":\"https:\/\/schema.org\",\"@graph\":[{\"@type\":\"WebPage\",\"@id\":\"https:\/\/www.bosphorusyacht.com\/es\/cruceros\/crucero-al-atardecer-en-el-bosforo\/\",\"url\":\"https:\/\/www.bosphorusyacht.com\/es\/cruceros\/crucero-al-atardecer-en-el-bosforo\/\",\"name\":\"Crucero al Atardecer por el B\u00f3sforo en Estambul - Cruceros Zoe Yacht\",\"isPartOf\":{\"@id\":\"https:\/\/www.bosphorusyacht.com\/#website\"},\"primaryImageOfPage\":{\"@id\":\"https:\/\/www.bosphorusyacht.com\/es\/cruceros\/crucero-al-atardecer-en-el-bosforo\/#primaryimage\"},\"image\":{\"@id\":\"https:\/\/www.bosphorusyacht.com\/es\/cruceros\/crucero-al-atardecer-en-el-bosforo\/#primaryimage\"},\"thumbnailUrl\":\"https:\/\/www.bosphorusyacht.com\/wp-content\/gallery\/wm-bosphorus-cruises\/bosphorus-sunset-cruise-3.jpg\",\"datePublished\":\"2013-04-19T09:56:19+00:00\",\"dateModified\":\"2024-03-29T00:02:28+00:00\",\"description\":\"Disfruta de un crucero al atardecer por el B\u00f3sforo mientras tomas c\u00f3cteles y aperitivos mientras. Parte diariamente. Somos propietarios. Reserva ahora.\",\"breadcrumb\":{\"@id\":\"https:\/\/www.bosphorusyacht.com\/es\/cruceros\/crucero-al-atardecer-en-el-bosforo\/#breadcrumb\"},\"inLanguage\":\"es\",\"potentialAction\":[{\"@type\":\"ReadAction\",\"target\":[\"https:\/\/www.bosphorusyacht.com\/es\/cruceros\/crucero-al-atardecer-en-el-bosforo\/\"]}]},{\"@type\":\"ImageObject\",\"inLanguage\":\"es\",\"@id\":\"https:\/\/www.bosphorusyacht.com\/es\/cruceros\/crucero-al-atardecer-en-el-bosforo\/#primaryimage\",\"url\":\"https:\/\/www.bosphorusyacht.com\/wp-content\/gallery\/wm-bosphorus-cruises\/bosphorus-sunset-cruise-3.jpg\",\"contentUrl\":\"https:\/\/www.bosphorusyacht.com\/wp-content\/gallery\/wm-bosphorus-cruises\/bosphorus-sunset-cruise-3.jpg\"},{\"@type\":\"BreadcrumbList\",\"@id\":\"https:\/\/www.bosphorusyacht.com\/es\/cruceros\/crucero-al-atardecer-en-el-bosforo\/#breadcrumb\",\"itemListElement\":[{\"@type\":\"ListItem\",\"position\":1,\"name\":\"Home\",\"item\":\"https:\/\/www.bosphorusyacht.com\/es\/crucero-de-lujo-por-el-bosforo-en-estambul-en-yate-privado\/\"},{\"@type\":\"ListItem\",\"position\":2,\"name\":\"Paseos en barco\",\"item\":\"https:\/\/www.bosphorusyacht.com\/es\/cruceros\/\"},{\"@type\":\"ListItem\",\"position\":3,\"name\":\"Crucero al Atardecer por el B\u00f3sforo en Estambul\"}]},{\"@type\":\"WebSite\",\"@id\":\"https:\/\/www.bosphorusyacht.com\/#website\",\"url\":\"https:\/\/www.bosphorusyacht.com\/\",\"name\":\"Cruceros Zoe Yacht\",\"description\":\"Cruceros en Estambul y el B\u00f3sforo en yate privado\",\"potentialAction\":[{\"@type\":\"SearchAction\",\"target\":{\"@type\":\"EntryPoint\",\"urlTemplate\":\"https:\/\/www.bosphorusyacht.com\/?s={search_term_string}\"},\"query-input\":{\"@type\":\"PropertyValueSpecification\",\"valueRequired\":true,\"valueName\":\"search_term_string\"}}],\"inLanguage\":\"es\"}]}<\/script>\n<!-- \/ Yoast SEO plugin. -->","yoast_head_json":{"title":"Crucero al Atardecer por el B\u00f3sforo en Estambul - Cruceros Zoe Yacht","description":"Disfruta de un crucero al atardecer por el B\u00f3sforo mientras tomas c\u00f3cteles y aperitivos mientras. Parte diariamente. Somos propietarios. Reserva ahora.","robots":{"index":"index","follow":"follow","max-snippet":"max-snippet:-1","max-image-preview":"max-image-preview:large","max-video-preview":"max-video-preview:-1"},"canonical":"https:\/\/www.bosphorusyacht.com\/es\/cruceros\/crucero-al-atardecer-en-el-bosforo\/","schema":{"@context":"https:\/\/schema.org","@graph":[{"@type":"WebPage","@id":"https:\/\/www.bosphorusyacht.com\/es\/cruceros\/crucero-al-atardecer-en-el-bosforo\/","url":"https:\/\/www.bosphorusyacht.com\/es\/cruceros\/crucero-al-atardecer-en-el-bosforo\/","name":"Crucero al Atardecer por el B\u00f3sforo en Estambul - Cruceros Zoe Yacht","isPartOf":{"@id":"https:\/\/www.bosphorusyacht.com\/#website"},"primaryImageOfPage":{"@id":"https:\/\/www.bosphorusyacht.com\/es\/cruceros\/crucero-al-atardecer-en-el-bosforo\/#primaryimage"},"image":{"@id":"https:\/\/www.bosphorusyacht.com\/es\/cruceros\/crucero-al-atardecer-en-el-bosforo\/#primaryimage"},"thumbnailUrl":"https:\/\/www.bosphorusyacht.com\/wp-content\/gallery\/wm-bosphorus-cruises\/bosphorus-sunset-cruise-3.jpg","datePublished":"2013-04-19T09:56:19+00:00","dateModified":"2024-03-29T00:02:28+00:00","description":"Disfruta de un crucero al atardecer por el B\u00f3sforo mientras tomas c\u00f3cteles y aperitivos mientras. Parte diariamente. Somos propietarios. Reserva ahora.","breadcrumb":{"@id":"https:\/\/www.bosphorusyacht.com\/es\/cruceros\/crucero-al-atardecer-en-el-bosforo\/#breadcrumb"},"inLanguage":"es","potentialAction":[{"@type":"ReadAction","target":["https:\/\/www.bosphorusyacht.com\/es\/cruceros\/crucero-al-atardecer-en-el-bosforo\/"]}]},{"@type":"ImageObject","inLanguage":"es","@id":"https:\/\/www.bosphorusyacht.com\/es\/cruceros\/crucero-al-atardecer-en-el-bosforo\/#primaryimage","url":"https:\/\/www.bosphorusyacht.com\/wp-content\/gallery\/wm-bosphorus-cruises\/bosphorus-sunset-cruise-3.jpg","contentUrl":"https:\/\/www.bosphorusyacht.com\/wp-content\/gallery\/wm-bosphorus-cruises\/bosphorus-sunset-cruise-3.jpg"},{"@type":"BreadcrumbList","@id":"https:\/\/www.bosphorusyacht.com\/es\/cruceros\/crucero-al-atardecer-en-el-bosforo\/#breadcrumb","itemListElement":[{"@type":"ListItem","position":1,"name":"Home","item":"https:\/\/www.bosphorusyacht.com\/es\/crucero-de-lujo-por-el-bosforo-en-estambul-en-yate-privado\/"},{"@type":"ListItem","position":2,"name":"Paseos en barco","item":"https:\/\/www.bosphorusyacht.com\/es\/cruceros\/"},{"@type":"ListItem","position":3,"name":"Crucero al Atardecer por el B\u00f3sforo en Estambul"}]},{"@type":"WebSite","@id":"https:\/\/www.bosphorusyacht.com\/#website","url":"https:\/\/www.bosphorusyacht.com\/","name":"Cruceros Zoe Yacht","description":"Cruceros en Estambul y el B\u00f3sforo en yate privado","potentialAction":[{"@type":"SearchAction","target":{"@type":"EntryPoint","urlTemplate":"https:\/\/www.bosphorusyacht.com\/?s={search_term_string}"},"query-input":{"@type":"PropertyValueSpecification","valueRequired":true,"valueName":"search_term_string"}}],"inLanguage":"es"}]}},"_links":{"self":[{"href":"https:\/\/www.bosphorusyacht.com\/es\/wp-json\/wp\/v2\/pages\/2701","targetHints":{"allow":["GET"]}}],"collection":[{"href":"https:\/\/www.bosphorusyacht.com\/es\/wp-json\/wp\/v2\/pages"}],"about":[{"href":"https:\/\/www.bosphorusyacht.com\/es\/wp-json\/wp\/v2\/types\/page"}],"author":[{"embeddable":true,"href":"https:\/\/www.bosphorusyacht.com\/es\/wp-json\/wp\/v2\/users\/2"}],"replies":[{"embeddable":true,"href":"https:\/\/www.bosphorusyacht.com\/es\/wp-json\/wp\/v2\/comments?post=2701"}],"version-history":[{"count":0,"href":"https:\/\/www.bosphorusyacht.com\/es\/wp-json\/wp\/v2\/pages\/2701\/revisions"}],"up":[{"embeddable":true,"href":"https:\/\/www.bosphorusyacht.com\/es\/wp-json\/wp\/v2\/pages\/2890"}],"wp:attachment":[{"href":"https:\/\/www.bosphorusyacht.com\/es\/wp-json\/wp\/v2\/media?parent=2701"}],"curies":[{"name":"wp","href":"https:\/\/api.w.org\/{rel}","templated":true}]}}