{"id":10879,"date":"2010-09-15T15:08:10","date_gmt":"2010-09-15T12:08:10","guid":{"rendered":"https:\/\/www.bosphorusyacht.com\/company\/"},"modified":"2024-03-29T02:03:33","modified_gmt":"2024-03-29T00:03:33","slug":"enterprise","status":"publish","type":"page","link":"https:\/\/www.bosphorusyacht.com\/fr\/enterprise\/","title":{"rendered":"Le Yacht"},"content":{"rendered":"<h2>Louer Notre Yacht \u00e0 Istanbul<\/h2>\n<div id=\"myCustomProdPageSlideshow\">\n<div class=\"slider slideshow-shortcode\">\n<ul class=\"slides\">\n<li>\n<p><img decoding=\"async\" src=\"https:\/\/www.bosphorusyacht.com\/wp-content\/gallery\/wm-bosphorus-cruises\/ciragan-palace-kempinski-yacht.jpg\" alt=\"Votre bateau pour la journ\u00e9e - Zoe Yacht\" \/><\/p>\n<div class=\"flex-caption\"><\/div>\n<\/li>\n<\/ul><\/div>\n<\/div>\n<h3>\u00c0 propos de nous<\/h3>\n<p>Nous sommes un motor-yacht de 17 m\u00e8tres appartenant \u00e0 des locaux et g\u00e9r\u00e9 par celui-ci. Nous exploitons une gamme de croisi\u00e8res priv\u00e9es avec d\u00e9parts quotidiens et de <a href=\"\/yachts\/\">locations de bateaux <\/a>sur le magnifique Bosphore \u00e0 Istanbul, en Turquie.<\/p>\n<p>Ici, vous pouvez <strong>trouver &amp; r\u00e9servez des croisi\u00e8res priv\u00e9es \u00e0 Istanbul directement <\/strong>sur ce site Web, le seul site officiel des croisi\u00e8res Zoe Yacht Cruises \u00e0 Istanbul. Notre bureau de professionnels anglophones du tourisme \u00e0 Istanbul se fera un plaisir de vous aider avec toutes vos demandes de navigation de plaisance par e-mail ou par t\u00e9l\u00e9phone.<\/p>\n<p>Nous exploitons notre propre gamme de <strong>croisi\u00e8res \u00e0 Istanbul chaque jour <\/strong>pour votre <a href=\"https:\/\/www.bosphorusyacht.com\/\">croisi\u00e8re au Bosphore id\u00e9ale <\/a>, y compris une gamme d&rsquo;activit\u00e9s touristiques, croisi\u00e8res de coucher du soleil et de d\u00eener. Nous proposons \u00e9galement un choix de routes incluant le Bosphore, les <a href=\"https:\/\/www.bosphorusyacht.com\/cruises\/black-sea-cruise-poyrazkoy\/\">Mer Noire <\/a>, Golden Horn et les <a href=\"https:\/\/www.bosphorusyacht.com\/cruises\/princes-islands-cruises\/\">\u00celes des Princes <\/a>, qui sont tous des itin\u00e9raires de croisi\u00e8re populaires dans et autour d\u2019Istanbul m\u00eame et conviennent aux couples, aux familles ou aux petits groupes.<\/p>\n<p>En plus d&rsquo;accueillir jusqu&rsquo;\u00e0 12 invit\u00e9s \u00e0 bord de notre propre yacht, nous sommes exp\u00e9riment\u00e9s dans l&rsquo;organisation de bateaux ou de yachts plus grands pour des groupes plus importants, en particulier pour les <strong>mariages, r\u00e9unions et r\u00e9unions. \u00e9v\u00e9nements d&rsquo;entreprise <\/strong>tels que des croisi\u00e8res et des \u00e9v\u00e9nements en guise de d\u00eener ou de cocktail. S&rsquo;il vous pla\u00eet, n&rsquo;h\u00e9sitez pas \u00e0 nous contacter pour tout besoin de navigation \u00e0 Istanbul.<\/p>\n<h3>Mission<\/h3>\n<p>Pour exploiter et entretenir notre <a href=\"\/yachts\/\">yacht \u00e0 moteur en charter priv\u00e9 \u00e0 Istanbul <\/a>, afin que nos clients puissent profiter de vues uniques, du confort et d&rsquo;un environnement de d\u00e9tente \u00e0 bord. Nous visons \u00e9galement \u00e0 offrir un niveau de service similaire sur les grands navires propos\u00e9s aux grands groupes.<\/p>\n<h3>Bien entretenu<\/h3>\n<p><img decoding=\"async\" class=\"taille-compl\u00e8te wp-image-11619\" title=\"logo-turc-chambre-de-shi\" src=\"https:\/\/www.bosphorusyacht.com\/wp-content\/uploads\/2010\/09\/logo-turkish-chamber-of-shi.gif\" alt=\" Logo de la Chambre turque du transport maritime \" width=\" 150 \" height=\" 153 \" srcset=\"https:\/\/www.bosphorusyacht.com\/wp-content\/uploads\/2010\/09\/logo-turkish-chamber-of-shi.gif 150w, https:\/\/www.bosphorusyacht.com\/wp-content\/uploads\/2010\/09\/logo-turkish-chamber-of-shi-98x100.gif 98w\" sizes=\"(max-width: 150px) 100vw, 150px\" \/><\/p>\n<p>Zoe Yacht est \u00e9quip\u00e9 et entretenu \u00e0 un niveau \u00e9lev\u00e9 afin que vous puissiez naviguer en toute s\u00e9curit\u00e9 et confortablement. Il est \u00e9galement entretenu et mis \u00e0 niveau r\u00e9guli\u00e8rement afin que vous puissiez continuer \u00e0 profiter de votre exp\u00e9rience de croisi\u00e8re une fois \u00e0 bord.<\/p>\n<h3>Licence l\u00e9gale &amp; Assur\u00e9<\/h3>\n<p>Zoe Yacht est un yacht \u00e0 moteur licenci\u00e9 avec licence de location de bateau turque enregistr\u00e9e au port d&rsquo;Istanbul, qui offre \u00e0 nos clients la s\u00e9curit\u00e9 de l&rsquo;approbation et de la recommandation des autorit\u00e9s de transport turques et de la chambre turque de la marine marchande. Le bateau et les passagers de Zoe Yacht sont \u00e9galement enti\u00e8rement assur\u00e9s.<\/p>\n<h3>Service attentif<\/h3>\n<p>Notre \u00e9quipe amicale de membres d&rsquo;\u00e9quipage turcs, dont le capitaine, le premier lieutenant et le steward, conna\u00eet tr\u00e8s bien le Bosphore et les voies navigables d&rsquo;Istanbul pour assurer une croisi\u00e8re agr\u00e9able et s\u00fbre avec un excellent service.<\/p>\n<h3>Pourquoi Zoe Yacht Bosphorus Cruises?<\/h3>\n<ul>\n<li>Vues uniques et <strong>CONFORT <\/strong>dans un environnement relaxant \u00e0 bord<\/li>\n<li>Tous les invit\u00e9s sont <strong>enti\u00e8rement assur\u00e9s <\/strong>sur le yacht<\/li>\n<li><strong>Enti\u00e8rement sous licence <\/strong>: exploitant de yacht l\u00e9gal<\/li>\n<li>Visite priv\u00e9e et yacht <strong>SP\u00c9CIALISTES <\/strong>pour Istanbul<\/li>\n<li>R\u00e9servez <strong>PROPRI\u00c9TAIRE DIRECT <\/strong>: Nous poss\u00e9dons et exploitons Zoe Yacht<\/li>\n<\/ul>\n<p>&nbsp;<\/p>\n<p>&nbsp;<\/p>\n","protected":false},"excerpt":{"rendered":"<p>Louer Notre Yacht \u00e0 Istanbul \u00c0 propos de nous Nous sommes un motor-yacht de 17 m\u00e8tres appartenant \u00e0 des locaux et g\u00e9r\u00e9 par celui-ci. Nous exploitons une gamme de croisi\u00e8res priv\u00e9es avec d\u00e9parts quotidiens et de locations de bateaux sur le magnifique Bosphore \u00e0 Istanbul, en Turquie. Ici, vous pouvez trouver &amp; r\u00e9servez des croisi\u00e8res<\/p>\n","protected":false},"author":1,"featured_media":0,"parent":0,"menu_order":4,"comment_status":"open","ping_status":"closed","template":"","meta":{"_acf_changed":false,"footnotes":""},"class_list":["post-10879","page","type-page","status-publish","hentry"],"acf":[],"yoast_head":"<!-- This site is optimized with the Yoast SEO plugin v25.2 - https:\/\/yoast.com\/wordpress\/plugins\/seo\/ -->\n<title>Louer un bateau \u00e0 Istanbul | Zoe Yacht<\/title>\n<meta name=\"description\" content=\"Louer un bateau \u00e0 moteur \u00e0 Istanbul, Zoe Yacht, pour une location priv\u00e9e pour toutes occasions ou pour des croisi\u00e8res quotidiennes personnalis\u00e9es. Licenci\u00e9 + Assur\u00e9. Ramassage \u00e0 l&#039;h\u00f4tel GRATUIT. Meilleur prix garanti. R\u00e9servez en ligne maintenant!\" \/>\n<meta name=\"robots\" content=\"index, follow, max-snippet:-1, max-image-preview:large, max-video-preview:-1\" \/>\n<link rel=\"canonical\" href=\"https:\/\/www.bosphorusyacht.com\/fr\/enterprise\/\" \/>\n<script type=\"application\/ld+json\" class=\"yoast-schema-graph\">{\"@context\":\"https:\/\/schema.org\",\"@graph\":[{\"@type\":\"WebPage\",\"@id\":\"https:\/\/www.bosphorusyacht.com\/fr\/enterprise\/\",\"url\":\"https:\/\/www.bosphorusyacht.com\/fr\/enterprise\/\",\"name\":\"Louer un bateau \u00e0 Istanbul | Zoe Yacht\",\"isPartOf\":{\"@id\":\"https:\/\/www.bosphorusyacht.com\/#website\"},\"primaryImageOfPage\":{\"@id\":\"https:\/\/www.bosphorusyacht.com\/fr\/enterprise\/#primaryimage\"},\"image\":{\"@id\":\"https:\/\/www.bosphorusyacht.com\/fr\/enterprise\/#primaryimage\"},\"thumbnailUrl\":\"https:\/\/www.bosphorusyacht.com\/wp-content\/uploads\/2010\/09\/logo-turkish-chamber-of-shi.gif\",\"datePublished\":\"2010-09-15T12:08:10+00:00\",\"dateModified\":\"2024-03-29T00:03:33+00:00\",\"description\":\"Louer un bateau \u00e0 moteur \u00e0 Istanbul, Zoe Yacht, pour une location priv\u00e9e pour toutes occasions ou pour des croisi\u00e8res quotidiennes personnalis\u00e9es. Licenci\u00e9 + Assur\u00e9. Ramassage \u00e0 l'h\u00f4tel GRATUIT. Meilleur prix garanti. R\u00e9servez en ligne maintenant!\",\"breadcrumb\":{\"@id\":\"https:\/\/www.bosphorusyacht.com\/fr\/enterprise\/#breadcrumb\"},\"inLanguage\":\"fr-FR\",\"potentialAction\":[{\"@type\":\"ReadAction\",\"target\":[\"https:\/\/www.bosphorusyacht.com\/fr\/enterprise\/\"]}]},{\"@type\":\"ImageObject\",\"inLanguage\":\"fr-FR\",\"@id\":\"https:\/\/www.bosphorusyacht.com\/fr\/enterprise\/#primaryimage\",\"url\":\"https:\/\/www.bosphorusyacht.com\/wp-content\/uploads\/2010\/09\/logo-turkish-chamber-of-shi.gif\",\"contentUrl\":\"https:\/\/www.bosphorusyacht.com\/wp-content\/uploads\/2010\/09\/logo-turkish-chamber-of-shi.gif\"},{\"@type\":\"BreadcrumbList\",\"@id\":\"https:\/\/www.bosphorusyacht.com\/fr\/enterprise\/#breadcrumb\",\"itemListElement\":[{\"@type\":\"ListItem\",\"position\":1,\"name\":\"Home\",\"item\":\"https:\/\/www.bosphorusyacht.com\/fr\/croisiere-de-luxe-sur-le-bosphore-a-istanbul-en-yacht-prive\/\"},{\"@type\":\"ListItem\",\"position\":2,\"name\":\"Le Yacht\"}]},{\"@type\":\"WebSite\",\"@id\":\"https:\/\/www.bosphorusyacht.com\/#website\",\"url\":\"https:\/\/www.bosphorusyacht.com\/\",\"name\":\"Zoe Yacht Istanbul Cruises\",\"description\":\"\",\"potentialAction\":[{\"@type\":\"SearchAction\",\"target\":{\"@type\":\"EntryPoint\",\"urlTemplate\":\"https:\/\/www.bosphorusyacht.com\/?s={search_term_string}\"},\"query-input\":{\"@type\":\"PropertyValueSpecification\",\"valueRequired\":true,\"valueName\":\"search_term_string\"}}],\"inLanguage\":\"fr-FR\"}]}<\/script>\n<!-- \/ Yoast SEO plugin. -->","yoast_head_json":{"title":"Louer un bateau \u00e0 Istanbul | Zoe Yacht","description":"Louer un bateau \u00e0 moteur \u00e0 Istanbul, Zoe Yacht, pour une location priv\u00e9e pour toutes occasions ou pour des croisi\u00e8res quotidiennes personnalis\u00e9es. Licenci\u00e9 + Assur\u00e9. Ramassage \u00e0 l'h\u00f4tel GRATUIT. Meilleur prix garanti. R\u00e9servez en ligne maintenant!","robots":{"index":"index","follow":"follow","max-snippet":"max-snippet:-1","max-image-preview":"max-image-preview:large","max-video-preview":"max-video-preview:-1"},"canonical":"https:\/\/www.bosphorusyacht.com\/fr\/enterprise\/","schema":{"@context":"https:\/\/schema.org","@graph":[{"@type":"WebPage","@id":"https:\/\/www.bosphorusyacht.com\/fr\/enterprise\/","url":"https:\/\/www.bosphorusyacht.com\/fr\/enterprise\/","name":"Louer un bateau \u00e0 Istanbul | Zoe Yacht","isPartOf":{"@id":"https:\/\/www.bosphorusyacht.com\/#website"},"primaryImageOfPage":{"@id":"https:\/\/www.bosphorusyacht.com\/fr\/enterprise\/#primaryimage"},"image":{"@id":"https:\/\/www.bosphorusyacht.com\/fr\/enterprise\/#primaryimage"},"thumbnailUrl":"https:\/\/www.bosphorusyacht.com\/wp-content\/uploads\/2010\/09\/logo-turkish-chamber-of-shi.gif","datePublished":"2010-09-15T12:08:10+00:00","dateModified":"2024-03-29T00:03:33+00:00","description":"Louer un bateau \u00e0 moteur \u00e0 Istanbul, Zoe Yacht, pour une location priv\u00e9e pour toutes occasions ou pour des croisi\u00e8res quotidiennes personnalis\u00e9es. Licenci\u00e9 + Assur\u00e9. Ramassage \u00e0 l'h\u00f4tel GRATUIT. Meilleur prix garanti. R\u00e9servez en ligne maintenant!","breadcrumb":{"@id":"https:\/\/www.bosphorusyacht.com\/fr\/enterprise\/#breadcrumb"},"inLanguage":"fr-FR","potentialAction":[{"@type":"ReadAction","target":["https:\/\/www.bosphorusyacht.com\/fr\/enterprise\/"]}]},{"@type":"ImageObject","inLanguage":"fr-FR","@id":"https:\/\/www.bosphorusyacht.com\/fr\/enterprise\/#primaryimage","url":"https:\/\/www.bosphorusyacht.com\/wp-content\/uploads\/2010\/09\/logo-turkish-chamber-of-shi.gif","contentUrl":"https:\/\/www.bosphorusyacht.com\/wp-content\/uploads\/2010\/09\/logo-turkish-chamber-of-shi.gif"},{"@type":"BreadcrumbList","@id":"https:\/\/www.bosphorusyacht.com\/fr\/enterprise\/#breadcrumb","itemListElement":[{"@type":"ListItem","position":1,"name":"Home","item":"https:\/\/www.bosphorusyacht.com\/fr\/croisiere-de-luxe-sur-le-bosphore-a-istanbul-en-yacht-prive\/"},{"@type":"ListItem","position":2,"name":"Le Yacht"}]},{"@type":"WebSite","@id":"https:\/\/www.bosphorusyacht.com\/#website","url":"https:\/\/www.bosphorusyacht.com\/","name":"Zoe Yacht Istanbul Cruises","description":"","potentialAction":[{"@type":"SearchAction","target":{"@type":"EntryPoint","urlTemplate":"https:\/\/www.bosphorusyacht.com\/?s={search_term_string}"},"query-input":{"@type":"PropertyValueSpecification","valueRequired":true,"valueName":"search_term_string"}}],"inLanguage":"fr-FR"}]}},"_links":{"self":[{"href":"https:\/\/www.bosphorusyacht.com\/fr\/wp-json\/wp\/v2\/pages\/10879","targetHints":{"allow":["GET"]}}],"collection":[{"href":"https:\/\/www.bosphorusyacht.com\/fr\/wp-json\/wp\/v2\/pages"}],"about":[{"href":"https:\/\/www.bosphorusyacht.com\/fr\/wp-json\/wp\/v2\/types\/page"}],"author":[{"embeddable":true,"href":"https:\/\/www.bosphorusyacht.com\/fr\/wp-json\/wp\/v2\/users\/1"}],"replies":[{"embeddable":true,"href":"https:\/\/www.bosphorusyacht.com\/fr\/wp-json\/wp\/v2\/comments?post=10879"}],"version-history":[{"count":0,"href":"https:\/\/www.bosphorusyacht.com\/fr\/wp-json\/wp\/v2\/pages\/10879\/revisions"}],"wp:attachment":[{"href":"https:\/\/www.bosphorusyacht.com\/fr\/wp-json\/wp\/v2\/media?parent=10879"}],"curies":[{"name":"wp","href":"https:\/\/api.w.org\/{rel}","templated":true}]}}