{"id":2713,"date":"2013-04-24T13:25:25","date_gmt":"2013-04-24T10:25:25","guid":{"rendered":"https:\/\/www.bosphorusyacht.com\/crociera-sul-bosforo-al-tramonto\/"},"modified":"2024-03-29T02:06:25","modified_gmt":"2024-03-29T00:06:25","slug":"crociera-sul-bosforo-al-tramonto","status":"publish","type":"page","link":"https:\/\/www.bosphorusyacht.com\/it\/crociere\/crociera-sul-bosforo-al-tramonto\/","title":{"rendered":"Crociera Sul Bosforo al Tramonto"},"content":{"rendered":"<p><strong>Una Crociera al tramonto accompagnata da un aperitivo&#8230; <\/strong> <img loading=\"lazy\" decoding=\"async\" class=\"ngg-singlepic ngg-none respond-img\" title=\"bosphorus sunset cruise\" alt=\"bosphorus sunset cruise\" src=\"https:\/\/www.bosphorusyacht.com\/wp-content\/gallery\/wm-bosphorus-cruises\/bosphorus-sunset-cruise-3.jpg\" width=\"600\" height=\"396\" \/><\/p>\n<p><b>Rotta<\/b><\/p>\n<p>Cliccare sulla foto per evidenziare la rotta della crociera<\/p>\n<div id=\"attachment_2149\" style=\"width: 246px\" class=\"wp-caption alignright\"><img loading=\"lazy\" decoding=\"async\" aria-describedby=\"caption-attachment-2149\" class=\"size-medium wp-image-2149\" title=\"sunset cruise map\" alt=\"Sunset cruise map\" src=\"https:\/\/www.bosphorusyacht.com\/wp-content\/uploads\/2012\/08\/routemap-bosphorus-cruise2-236x300.gif\" width=\"236\" height=\"300\" srcset=\"https:\/\/www.bosphorusyacht.com\/wp-content\/uploads\/2012\/08\/routemap-bosphorus-cruise2-236x300.gif 236w, https:\/\/www.bosphorusyacht.com\/wp-content\/uploads\/2012\/08\/routemap-bosphorus-cruise2-473x600.gif 473w, https:\/\/www.bosphorusyacht.com\/wp-content\/uploads\/2012\/08\/routemap-bosphorus-cruise2.gif 882w\" sizes=\"auto, (max-width: 236px) 100vw, 236px\" \/><\/p>\n<p id=\"caption-attachment-2149\" class=\"wp-caption-text\">Cruise Route<\/p>\n<\/div>\n<h3>Itinerario<\/h3>\n<p>Una della crociere pi\u00f9 richieste. \u00a0Una crociera indimenticabile tra l&#8217;incanto del panorama e un fantastico tramonto sul Bosforo. Una crociera in stile tra la parte Europea ed Asiatica con la possibilit\u00e0 di ammirare il Palazzo Dolmabahce, Ciragan e la Fortezza Rumeli, il famoso Ponte sul Bosforo e molto di pi\u00f9.<\/p>\n<p>Questa crociera \u00e8 ideale per coppie, per famiglie e gruppi di amici fino a 12 persone \u00a0che desiderano fare una delle pi\u00f9 belle esperienze al tramonto sul Bosforo. O per Indicata per coloro i quali vogliano celebrare un&#8217;<strong>occasione speciale o un momento romantico. \u00a0<\/strong><\/p>\n<p>La crociera include il trasferimento con minivan da e per il vostro albergo se situato in zona centrale nella parte europea di Istanbul.<\/p>\n<p>E&#8217; anche possibile sbarcare in uno dei diversi ristoranti o \u00a0night club situati direttamente sul Bosforo se hanno a disposizione un molo, previa conferma al momento della prenotazione.<br \/>\n<img loading=\"lazy\" decoding=\"async\" class=\"ngg-singlepic ngg-none respond-img\" title=\"bosphorus evening cruise\" alt=\"bosphorus evening cruise\" src=\"https:\/\/www.bosphorusyacht.com\/wp-content\/gallery\/wm-bosphorus-cruises\/bosphorus-evening-cruise.jpg\" width=\"600\" height=\"396\" \/><\/p>\n<p><b>La vostra esperienza:<\/b><\/p>\n<ul>\n<li>\u00a0Vista unica di Istanbul e del Bosforo.<\/li>\n<li>\u00a0Crociera in tutto relax e comfort<\/li>\n<li>\u00a0Ottima per una serata romantica e ricca di atmosfera<\/li>\n<li>\u00a0Uno Yacht privato in esclusiva per voi<\/li>\n<li>\u00a0Servizio di bordo fatto di cortesia e professionalit\u00e0<\/li>\n<li>\u00a0Un bar a disposizione con bevende alcooliche e non (tutte le bevande a bordo sono extra, vengono pagate in base alla consumazione)<\/li>\n<li>\u00a0Una grande opportunit\u00e0 per fare delle stupende foto della citt\u00e0 vista dal mare, con le sue Moschee e Palazzi.<\/li>\n<\/ul>\n<p><img loading=\"lazy\" decoding=\"async\" class=\"ngg-singlepic ngg-none respond-img\" title=\"romantic sunset tour\" alt=\"romantic sunset tour\" src=\"https:\/\/www.bosphorusyacht.com\/wp-content\/gallery\/wm-bosphorus-cruises\/bosphorus-boat-tour.jpg\" width=\"600\" height=\"396\" \/><\/p>\n<h3>Possibilt\u00e0 di sbarco presso alcuni ristoranti sul Bosforo:<\/h3>\n<p>Avrete la possibilit\u00e0 di scegliere \u00a0di sbarcare presso i seguenti ristoranti situati direttamente sul Bosforo: \u00a0Park Fora, Delmare, Poseidon and Feriye, Kabata\u015f, \u00c7\u0131ra\u011fan Palace, Four Seasons Bosphorus, Reina, Maiden&#8217;s Tower, Suada o altri ristoranti situati nella zona centrale di Taksim- si prega farne pronta richiesta al momento della prenotazione per averne conferma da parte nostra.<\/p>\n<h3>Orario Crociere:<\/h3>\n<p>Ogni Giorno 16:15-18:15*, 17:30-19:30 (durata: 2 ore)<br \/>\n*Si riferisce ai mesi invernali da Novembre a Marzo, l&#8217;orario del tramonto \u00e8 tra \u00a016:15-18:15.<br \/>\nIl resto dell&#8217;anno l&#8217;orario del tramonto \u00e8 \u00a0tra le 17:30-19:30.<\/p>\n<h3>Servizio trasferimento da e per il vostro albergo:<\/h3>\n<p>E&#8217; incluso nel costo della crociera un servizio di shuttle da e per il vostro albergo, purch\u00e8 sia ubicato in zona centrale della parte europea di Istanbul. Lo sbarco su vostra richiesta pot\u00e0 avvenire anche presso alberghi e ristoranti situati direttamente sul Bosforo ed aventi un molo privato a disposizione.<\/p>\n<h3>Capacit\u00e0:<\/h3>\n<p><b>Per Piccoli Gruppi:<\/b> Zoe Yacht \u00e8 l&#8217;ideale fino a 12 ospiti.<br \/>\n<strong>Per Grandi Gruppi:<\/strong> E&#8217; possibile organizzare tale servizio per gruppi anche pi\u00f9 grandi, in quel caso vogliate inviarci la vostra richiesta specifica tramite email.<\/p>\n<h3>Tariffe:<\/h3>\n<p><a href=\"https:\/\/www.bosphorusyacht.com\/it\/zoe-yacht-tariffe\/\">Clicca qui per verificare la disponibilit\u00e0 e il costo della crociera\u00a02023<\/a><\/p>\n<h3>Opzioni:<\/h3>\n<p>Pranzo a bordo, torta di compleanno, Champagne possono essere richieste e vi saranno comunicati i costi aggiuntivi. Contattateci con un email per avere maggiori informazioni: info@bosphorusyacht.com<\/p>\n<h3>Informazioni &amp; Prenotazioni:<\/h3>\n<p>Per maggiori informazioni, mandate un messaggio di posta electronic: <a id=\"btn_email\"  href=\"mailto:info@bosphorusyacht.com?subject=Bosphorus Dinner Cruise by Zoe Yacht\">info@bosphorusyacht.com<\/a><\/p>\n<p>Per prenotazioni, poetete usare il nostro sistema di prenotazione online e per controllare la disponibilit\u00e0 in tempo reale:<br \/>\n<a  href=\"https:\/\/secure2.bosphorusyacht.com\/Client\/TourSelect?SiteID=1&amp;l=en&amp;HideCruises=1\" target=\"_blank\" rel=\"noopener noreferrer\">Sistema Sicuro di Prenotazione Online<\/a> <a  href=\"https:\/\/secure2.bosphorusyacht.com\/Client\/TourSelect?SiteID=1&amp;l=en&amp;HideCruises=1\"><br \/>\n<\/a><\/p>\n<p>&nbsp;<\/p>\n","protected":false},"excerpt":{"rendered":"<p>Una Crociera al tramonto accompagnata da un aperitivo&#8230; Rotta Cliccare sulla foto per evidenziare la rotta della crociera Itinerario Una della crociere pi\u00f9 richieste. \u00a0Una crociera indimenticabile tra l&#8217;incanto del panorama e un fantastico tramonto sul Bosforo. Una crociera in stile tra la parte Europea ed Asiatica con la possibilit\u00e0 di ammirare il Palazzo Dolmabahce,<\/p>\n","protected":false},"author":1,"featured_media":0,"parent":11102,"menu_order":0,"comment_status":"open","ping_status":"closed","template":"","meta":{"_acf_changed":false,"footnotes":""},"class_list":["post-2713","page","type-page","status-publish","hentry"],"acf":[],"yoast_head":"<!-- This site is optimized with the Yoast SEO plugin v25.2 - https:\/\/yoast.com\/wordpress\/plugins\/seo\/ -->\n<title>Crociera al Tramonto sul Bosforo, Istanbul, Turchia<\/title>\n<meta name=\"description\" content=\"Una crociera al tramonto sul Bosforo \u00e8 l&#039;ideale per un aperitivo prima di recarvi al vostro ristorante preferito sul Bosforo. Non perdere questa occasione : Prenota Adesso\" \/>\n<meta name=\"robots\" content=\"index, follow, max-snippet:-1, max-image-preview:large, max-video-preview:-1\" \/>\n<link rel=\"canonical\" href=\"https:\/\/www.bosphorusyacht.com\/it\/crociere\/crociera-sul-bosforo-al-tramonto\/\" \/>\n<script type=\"application\/ld+json\" class=\"yoast-schema-graph\">{\"@context\":\"https:\/\/schema.org\",\"@graph\":[{\"@type\":\"WebPage\",\"@id\":\"https:\/\/www.bosphorusyacht.com\/it\/crociere\/crociera-sul-bosforo-al-tramonto\/\",\"url\":\"https:\/\/www.bosphorusyacht.com\/it\/crociere\/crociera-sul-bosforo-al-tramonto\/\",\"name\":\"Crociera al Tramonto sul Bosforo, Istanbul, Turchia\",\"isPartOf\":{\"@id\":\"https:\/\/www.bosphorusyacht.com\/#website\"},\"primaryImageOfPage\":{\"@id\":\"https:\/\/www.bosphorusyacht.com\/it\/crociere\/crociera-sul-bosforo-al-tramonto\/#primaryimage\"},\"image\":{\"@id\":\"https:\/\/www.bosphorusyacht.com\/it\/crociere\/crociera-sul-bosforo-al-tramonto\/#primaryimage\"},\"thumbnailUrl\":\"https:\/\/www.bosphorusyacht.com\/wp-content\/gallery\/wm-bosphorus-cruises\/bosphorus-sunset-cruise-3.jpg\",\"datePublished\":\"2013-04-24T10:25:25+00:00\",\"dateModified\":\"2024-03-29T00:06:25+00:00\",\"description\":\"Una crociera al tramonto sul Bosforo \u00e8 l'ideale per un aperitivo prima di recarvi al vostro ristorante preferito sul Bosforo. Non perdere questa occasione : Prenota Adesso\",\"breadcrumb\":{\"@id\":\"https:\/\/www.bosphorusyacht.com\/it\/crociere\/crociera-sul-bosforo-al-tramonto\/#breadcrumb\"},\"inLanguage\":\"it-IT\",\"potentialAction\":[{\"@type\":\"ReadAction\",\"target\":[\"https:\/\/www.bosphorusyacht.com\/it\/crociere\/crociera-sul-bosforo-al-tramonto\/\"]}]},{\"@type\":\"ImageObject\",\"inLanguage\":\"it-IT\",\"@id\":\"https:\/\/www.bosphorusyacht.com\/it\/crociere\/crociera-sul-bosforo-al-tramonto\/#primaryimage\",\"url\":\"https:\/\/www.bosphorusyacht.com\/wp-content\/gallery\/wm-bosphorus-cruises\/bosphorus-sunset-cruise-3.jpg\",\"contentUrl\":\"https:\/\/www.bosphorusyacht.com\/wp-content\/gallery\/wm-bosphorus-cruises\/bosphorus-sunset-cruise-3.jpg\"},{\"@type\":\"BreadcrumbList\",\"@id\":\"https:\/\/www.bosphorusyacht.com\/it\/crociere\/crociera-sul-bosforo-al-tramonto\/#breadcrumb\",\"itemListElement\":[{\"@type\":\"ListItem\",\"position\":1,\"name\":\"Home\",\"item\":\"https:\/\/www.bosphorusyacht.com\/it\/crociera-sul-bosforo-sul-nostro-yacht-privato-zoe-yacht-in-relax-e-confort\/\"},{\"@type\":\"ListItem\",\"position\":2,\"name\":\"Gite in barca\",\"item\":\"https:\/\/www.bosphorusyacht.com\/it\/crociere\/\"},{\"@type\":\"ListItem\",\"position\":3,\"name\":\"Crociera Sul Bosforo al Tramonto\"}]},{\"@type\":\"WebSite\",\"@id\":\"https:\/\/www.bosphorusyacht.com\/#website\",\"url\":\"https:\/\/www.bosphorusyacht.com\/\",\"name\":\"bosphorusyacht.com\",\"description\":\"\",\"potentialAction\":[{\"@type\":\"SearchAction\",\"target\":{\"@type\":\"EntryPoint\",\"urlTemplate\":\"https:\/\/www.bosphorusyacht.com\/?s={search_term_string}\"},\"query-input\":{\"@type\":\"PropertyValueSpecification\",\"valueRequired\":true,\"valueName\":\"search_term_string\"}}],\"inLanguage\":\"it-IT\"}]}<\/script>\n<!-- \/ Yoast SEO plugin. -->","yoast_head_json":{"title":"Crociera al Tramonto sul Bosforo, Istanbul, Turchia","description":"Una crociera al tramonto sul Bosforo \u00e8 l'ideale per un aperitivo prima di recarvi al vostro ristorante preferito sul Bosforo. Non perdere questa occasione : Prenota Adesso","robots":{"index":"index","follow":"follow","max-snippet":"max-snippet:-1","max-image-preview":"max-image-preview:large","max-video-preview":"max-video-preview:-1"},"canonical":"https:\/\/www.bosphorusyacht.com\/it\/crociere\/crociera-sul-bosforo-al-tramonto\/","schema":{"@context":"https:\/\/schema.org","@graph":[{"@type":"WebPage","@id":"https:\/\/www.bosphorusyacht.com\/it\/crociere\/crociera-sul-bosforo-al-tramonto\/","url":"https:\/\/www.bosphorusyacht.com\/it\/crociere\/crociera-sul-bosforo-al-tramonto\/","name":"Crociera al Tramonto sul Bosforo, Istanbul, Turchia","isPartOf":{"@id":"https:\/\/www.bosphorusyacht.com\/#website"},"primaryImageOfPage":{"@id":"https:\/\/www.bosphorusyacht.com\/it\/crociere\/crociera-sul-bosforo-al-tramonto\/#primaryimage"},"image":{"@id":"https:\/\/www.bosphorusyacht.com\/it\/crociere\/crociera-sul-bosforo-al-tramonto\/#primaryimage"},"thumbnailUrl":"https:\/\/www.bosphorusyacht.com\/wp-content\/gallery\/wm-bosphorus-cruises\/bosphorus-sunset-cruise-3.jpg","datePublished":"2013-04-24T10:25:25+00:00","dateModified":"2024-03-29T00:06:25+00:00","description":"Una crociera al tramonto sul Bosforo \u00e8 l'ideale per un aperitivo prima di recarvi al vostro ristorante preferito sul Bosforo. Non perdere questa occasione : Prenota Adesso","breadcrumb":{"@id":"https:\/\/www.bosphorusyacht.com\/it\/crociere\/crociera-sul-bosforo-al-tramonto\/#breadcrumb"},"inLanguage":"it-IT","potentialAction":[{"@type":"ReadAction","target":["https:\/\/www.bosphorusyacht.com\/it\/crociere\/crociera-sul-bosforo-al-tramonto\/"]}]},{"@type":"ImageObject","inLanguage":"it-IT","@id":"https:\/\/www.bosphorusyacht.com\/it\/crociere\/crociera-sul-bosforo-al-tramonto\/#primaryimage","url":"https:\/\/www.bosphorusyacht.com\/wp-content\/gallery\/wm-bosphorus-cruises\/bosphorus-sunset-cruise-3.jpg","contentUrl":"https:\/\/www.bosphorusyacht.com\/wp-content\/gallery\/wm-bosphorus-cruises\/bosphorus-sunset-cruise-3.jpg"},{"@type":"BreadcrumbList","@id":"https:\/\/www.bosphorusyacht.com\/it\/crociere\/crociera-sul-bosforo-al-tramonto\/#breadcrumb","itemListElement":[{"@type":"ListItem","position":1,"name":"Home","item":"https:\/\/www.bosphorusyacht.com\/it\/crociera-sul-bosforo-sul-nostro-yacht-privato-zoe-yacht-in-relax-e-confort\/"},{"@type":"ListItem","position":2,"name":"Gite in barca","item":"https:\/\/www.bosphorusyacht.com\/it\/crociere\/"},{"@type":"ListItem","position":3,"name":"Crociera Sul Bosforo al Tramonto"}]},{"@type":"WebSite","@id":"https:\/\/www.bosphorusyacht.com\/#website","url":"https:\/\/www.bosphorusyacht.com\/","name":"bosphorusyacht.com","description":"","potentialAction":[{"@type":"SearchAction","target":{"@type":"EntryPoint","urlTemplate":"https:\/\/www.bosphorusyacht.com\/?s={search_term_string}"},"query-input":{"@type":"PropertyValueSpecification","valueRequired":true,"valueName":"search_term_string"}}],"inLanguage":"it-IT"}]}},"_links":{"self":[{"href":"https:\/\/www.bosphorusyacht.com\/it\/wp-json\/wp\/v2\/pages\/2713","targetHints":{"allow":["GET"]}}],"collection":[{"href":"https:\/\/www.bosphorusyacht.com\/it\/wp-json\/wp\/v2\/pages"}],"about":[{"href":"https:\/\/www.bosphorusyacht.com\/it\/wp-json\/wp\/v2\/types\/page"}],"author":[{"embeddable":true,"href":"https:\/\/www.bosphorusyacht.com\/it\/wp-json\/wp\/v2\/users\/1"}],"replies":[{"embeddable":true,"href":"https:\/\/www.bosphorusyacht.com\/it\/wp-json\/wp\/v2\/comments?post=2713"}],"version-history":[{"count":0,"href":"https:\/\/www.bosphorusyacht.com\/it\/wp-json\/wp\/v2\/pages\/2713\/revisions"}],"up":[{"embeddable":true,"href":"https:\/\/www.bosphorusyacht.com\/it\/wp-json\/wp\/v2\/pages\/11102"}],"wp:attachment":[{"href":"https:\/\/www.bosphorusyacht.com\/it\/wp-json\/wp\/v2\/media?parent=2713"}],"curies":[{"name":"wp","href":"https:\/\/api.w.org\/{rel}","templated":true}]}}