{"id":3296,"date":"2013-06-25T16:25:17","date_gmt":"2013-06-25T13:25:17","guid":{"rendered":"https:\/\/www.bosphorusyacht.com\/istanbul-yacht-charter-noleggio-barche-sul-bosforo\/occasioni-speciali-a-bordo-di-zoe-yacht\/"},"modified":"2024-06-25T16:12:59","modified_gmt":"2024-06-25T13:12:59","slug":"occasioni-speciali-a-bordo-di-zoe-yacht","status":"publish","type":"page","link":"https:\/\/www.bosphorusyacht.com\/it\/istanbul-yacht-charter-noleggio-barche-sul-bosforo\/occasioni-speciali-a-bordo-di-zoe-yacht\/","title":{"rendered":"Occasioni Speciali a bordo di Zoe Yacht"},"content":{"rendered":"<h3>Un compleanno da non dimenticare!<\/h3>\n<p><img loading=\"lazy\" decoding=\"async\" class=\"ngg-singlepic ngg-left alignleft\" title=\"birthday-istanbul\" src=\"https:\/\/www.bosphorusyacht.com\/wp-content\/uploads\/2012\/04\/birthday-istanbul1.jpg\" alt=\"Istanbul Birthday Party\" width=\"200\" height=\"180\" \/>Festeggia il tuo compleanno <strong>Istanbul<\/strong> con stile a bordo di \u00a0Zoe Yacht per una festa di compleanno da non dimenticare! Insieme con famiglia e amici trascorrerete \u00a0momenti unici con una atmosfera speciale.<\/p>\n<p>Il panorama e l&#8217;ambiente del Bosforo saranno una cornice perfetta per le vostro foto e per trascorrere momenti speciali.Oltre che a gustare le specialit\u00e0 della cucina locale turca a pranzo o a cena. Offriamo pasti sapientemente selezionati facendo uso di ingredienti freschi e locali.<\/p>\n<p><strong>Crociere suggerite per questa occasione:<\/strong><\/p>\n<p><a href=\"https:\/\/www.bosphorusyacht.com\/it\/crociere\/crociera-sul-bosforo-al-tramonto\/\">Bosphorus Sightseeing Cruise<br \/>\nBosphorus Sunset Cruise<\/a><br \/>\n<a href=\"https:\/\/www.bosphorusyacht.com\/it\/crociere\/crociera-sul-bosforo-con-cena-istanbul\/\">Bosphorus Dinner Cruise<\/a><\/p>\n<hr class=\"hr\" \/>\n<h3>Proposte di Matrimonio<\/h3>\n<p><img loading=\"lazy\" decoding=\"async\" class=\"ngg-singlepic ngg-left alignleft\" title=\"marriage-proposal-istanbul\" src=\"https:\/\/www.bosphorusyacht.com\/wp-content\/uploads\/2012\/04\/marraige-proposal-istanbul.jpg\" alt=\"Proposte di Matrimonio\" width=\"200\" height=\"180\" \/>La vista pi\u00f9 bella della citt\u00e0 si ha dal Bosforo, per questo non vi \u00e8 posto migliore per un momento cos\u00ec importante della vostra vita: Proposta di Matrimonio a bordo di Zoe Yacht.\u00a0Sorprendete la vostra partner con una crociera romantica al tramonto e chiedetela di passare il resto dei vostri giorni proprio tra i due continenti tra Europa e Asia.<\/p>\n<p>Le nostre crociere sono tutte in esclusiva pertanto la vostra privacy \u00e8 assicurata, anche dal nostro personale che opera con grande professionalit\u00e0 e discrezione.<\/p>\n<p>Dopo la crociera avete la possibilit\u00e0 di sbarcare in uno dei ristoranti situati direttamente sul Bosforo per continuare la vostra serata romantica. Per maggiori informazioni contattateci via email: info@bosphorusyacht.com<\/p>\n<p><strong>Crociere suggerite per questa occasione:<\/strong><br \/>\n<a href=\"https:\/\/www.bosphorusyacht.com\/it\/crociere\/crociera-sul-bosforo\/\">Bosphorus Sightseeing Cruise<\/a><br \/>\n<a href=\"https:\/\/www.bosphorusyacht.com\/it\/crociere\/crociera-sul-bosforo-al-tramonto\/\">Romantic Sunset Cruise<\/a><br \/>\n<a href=\"https:\/\/www.bosphorusyacht.com\/it\/crociere\/crociera-sul-bosforo-con-cena-istanbul\/\">Romantic Dinner Cruise<\/a><\/p>\n<hr class=\"hr\" \/>\n<h3>Anniversario di Matrimonio<\/h3>\n<p><img loading=\"lazy\" decoding=\"async\" class=\"ngg-singlepic ngg-left alignleft\" title=\"flowers-wedding\" src=\"https:\/\/www.bosphorusyacht.com\/wp-content\/uploads\/2012\/04\/flowers-wedding.jpg\" alt=\"Anniversario di Matrimonio istanbul\" width=\"200\" height=\"180\" \/>Festeggia il tuo Anniversario di Nozee a Istanbul con amici, parenti e il resto della tua famiglia a bordo di Zoe Yacht.<\/p>\n<p>Naviga con Zoe Yacht in esclusivo noleggio per il tuo gruppo nelle acque azzurre del Bosforo, in tutto relax e comfort. Suggeriamo una splendita Crociera al Tramonto oppure una Crociera con Cena a bordo per avere la opportunit\u00e0 di trascorrere dei momenti indimenticabili con coloro i quali avete scelto di festeggiare.<\/p>\n<p><strong>Crociere suggerite per questa occasione:<\/strong><br \/>\n<a href=\"https:\/\/www.bosphorusyacht.com\/it\/crociere\/crociera-sul-bosforo\/\">Bosphorus Sightseeing Cruise<\/a><br \/>\n<a href=\"https:\/\/www.bosphorusyacht.com\/it\/crociere\/crociera-sul-bosforo-al-tramonto\/\">Bosphorus Sunset Cruise<\/a><br \/>\n<a href=\"https:\/\/www.bosphorusyacht.com\/it\/crociere\/crociera-sul-bosforo-con-cena-istanbul\/\">Bosphorus Dinner Cruise<\/a><\/p>\n<hr class=\"hr\" \/>\n<h3>Piccoli Gruppi<\/h3>\n<p><img loading=\"lazy\" decoding=\"async\" class=\"ngg-singlepic ngg-left alignleft\" title=\"istanbul-events\" src=\"https:\/\/www.bosphorusyacht.com\/wp-content\/uploads\/2012\/04\/istanbul-events.jpg\" alt=\"evento per piccoli gruppi istanbul\" width=\"200\" height=\"180\" \/>Zoe Yacht \u00e8 la soluzione ideale per qualsiasi evento per piccoli gruppi.<\/p>\n<p><strong>Per Piccoli Gruppi:<\/strong> Zoe Yacht pu\u00f2 ospitare a bordo fino.<\/p>\n<p>Una lounge a bordo che ha la possibilit\u00e0 di accogliere fino (senza il servizio pasti) oppure 12 guests (con servizio pasti).<\/p>\n<p><em> <strong>Crociere suggerite per queste occasioni:<\/strong><br \/>\n<a href=\"https:\/\/www.bosphorusyacht.com\/it\/crociere\/crociera-sul-bosforo\/\">Bosphorus Sightseeing Cruise<\/a><br \/>\n<a href=\"https:\/\/www.bosphorusyacht.com\/it\/crociere\/crociera-sul-bosforo-al-tramonto\/\">Bosphorus Sunset Cruise<\/a><br \/>\n<a href=\"https:\/\/www.bosphorusyacht.com\/it\/crociere\/crociera-sul-bosforo-con-cena-istanbul\/\">Bosphorus Dinner Cruise<\/a><br \/>\n<\/em><\/p>\n<hr class=\"hr\" \/>\n<h3>Feste di addio al celibato<\/h3>\n<p><img loading=\"lazy\" decoding=\"async\" class=\"ngg-singlepic ngg-left alignleft\" title=\"bachelor-party-istanbul\" src=\"https:\/\/www.bosphorusyacht.com\/wp-content\/uploads\/2012\/04\/bachelor-party-istanbul1.jpg\" alt=\"Feste di addio al celibato istanbul\" width=\"200\" height=\"180\" \/>Zoe Yacht \u00e8 una fantastica idea per feste di addio al celibato. Invita i tuoi amici e trascorri momenti divertenti in tutto comfort e relax a bordo di Zoe Yacht. Possibilit\u00e0 di rinfreschi orgaznizzati e cocktails e servizio pasti leggeri.<\/p>\n<p><strong>Crociere suggerite per questa \u00a0occasione:<\/strong><br \/>\n<a href=\"https:\/\/www.bosphorusyacht.com\/it\/crociere\/crociera-isole-principi\/\">Princes&#8217; Islands &#8211; Fishing &amp; Swimming Cruise<\/a><br \/>\n<a href=\"https:\/\/www.bosphorusyacht.com\/it\/crociere\/crociera-mar-nero-anadolu-kavagi\/\">Black Sea Mouth Cruise<\/a><br \/>\n<a href=\"https:\/\/www.bosphorusyacht.com\/it\/crociere\/crociera-sul-bosforo-al-tramonto\/\">Bosphorus Sunset Cruise<\/a><br \/>\n<a href=\"https:\/\/www.bosphorusyacht.com\/it\/crociere\/crociera-sul-bosforo-con-cena-istanbul\/\">Bosphorus Dinner Cruise<\/a><\/p>\n<hr class=\"hr\" \/>\n<p><a title=\"Capdodanno a Istanbul\" href=\"https:\/\/www.bosphorusyacht.com\/yachts\/new-years-cruises-istanbul\/\">\u00a0<\/a><\/p>\n<h3>Crociere Vigilia di Capodanno e Capodanno<\/h3>\n<p><a title=\"Capdodanno a Istanbul\" href=\"https:\/\/www.bosphorusyacht.com\/yachts\/new-years-cruises-istanbul\/\"><img loading=\"lazy\" decoding=\"async\" class=\"size-thumbnail wp-image-2242\" title=\"Capdodanno a Istanbul\" src=\"https:\/\/www.bosphorusyacht.com\/wp-content\/uploads\/2012\/10\/new-years-eve-istanbul-80x80.jpg\" alt=\"Capdodanno a Istanbul\" width=\"80\" height=\"80\" \/> <\/a>Per maggiori informazioni clicca su <a title=\"Capdodanno a Istanbul\" href=\"https:\/\/www.bosphorusyacht.com\/yachts\/new-years-cruises-istanbul\/\">Capdodanno a Istanbul<\/a><\/p>\n","protected":false},"excerpt":{"rendered":"<p>Un compleanno da non dimenticare! Festeggia il tuo compleanno Istanbul con stile a bordo di \u00a0Zoe Yacht per una festa di compleanno da non dimenticare! Insieme con famiglia e amici trascorrerete \u00a0momenti unici con una atmosfera speciale. Il panorama e l&#8217;ambiente del Bosforo saranno una cornice perfetta per le vostro foto e per trascorrere momenti<\/p>\n","protected":false},"author":2,"featured_media":0,"parent":15463,"menu_order":0,"comment_status":"closed","ping_status":"closed","template":"page-templates\/template-full-width.php","meta":{"_acf_changed":false,"footnotes":""},"class_list":["post-3296","page","type-page","status-publish","hentry"],"acf":[],"yoast_head":"<!-- This site is optimized with the Yoast SEO plugin v25.2 - https:\/\/yoast.com\/wordpress\/plugins\/seo\/ -->\n<title>Occasioni Speciali A Bordo: Compleanni, Feste, Anniversari<\/title>\n<meta name=\"description\" content=\"Festeggiare delle occasioni speciali a bordo: Compleanni, Feste, Anniversari con Zoe Yacht a Istanbul Prenota adesso per le migliori occasioni\" \/>\n<meta name=\"robots\" content=\"index, follow, max-snippet:-1, max-image-preview:large, max-video-preview:-1\" \/>\n<link rel=\"canonical\" href=\"https:\/\/www.bosphorusyacht.com\/it\/crociere\/crociera-sul-bosforo-con-pranzo-istanbul\/noleggio-barche-istanbul\/occasioni-speciali-a-bordo-di-zoe-yacht\/\" \/>\n<meta name=\"twitter:label1\" content=\"Tempo di lettura stimato\" \/>\n\t<meta name=\"twitter:data1\" content=\"4 minuti\" \/>\n<script type=\"application\/ld+json\" class=\"yoast-schema-graph\">{\"@context\":\"https:\/\/schema.org\",\"@graph\":[{\"@type\":\"WebPage\",\"@id\":\"https:\/\/www.bosphorusyacht.com\/it\/crociere\/crociera-sul-bosforo-con-pranzo-istanbul\/noleggio-barche-istanbul\/occasioni-speciali-a-bordo-di-zoe-yacht\/\",\"url\":\"https:\/\/www.bosphorusyacht.com\/it\/crociere\/crociera-sul-bosforo-con-pranzo-istanbul\/noleggio-barche-istanbul\/occasioni-speciali-a-bordo-di-zoe-yacht\/\",\"name\":\"Occasioni Speciali A Bordo: Compleanni, Feste, Anniversari\",\"isPartOf\":{\"@id\":\"https:\/\/www.bosphorusyacht.com\/#website\"},\"primaryImageOfPage\":{\"@id\":\"https:\/\/www.bosphorusyacht.com\/it\/crociere\/crociera-sul-bosforo-con-pranzo-istanbul\/noleggio-barche-istanbul\/occasioni-speciali-a-bordo-di-zoe-yacht\/#primaryimage\"},\"image\":{\"@id\":\"https:\/\/www.bosphorusyacht.com\/it\/crociere\/crociera-sul-bosforo-con-pranzo-istanbul\/noleggio-barche-istanbul\/occasioni-speciali-a-bordo-di-zoe-yacht\/#primaryimage\"},\"thumbnailUrl\":\"https:\/\/www.bosphorusyacht.com\/wp-content\/uploads\/2012\/04\/birthday-istanbul1.jpg\",\"datePublished\":\"2013-06-25T13:25:17+00:00\",\"dateModified\":\"2024-06-25T13:12:59+00:00\",\"description\":\"Festeggiare delle occasioni speciali a bordo: Compleanni, Feste, Anniversari con Zoe Yacht a Istanbul Prenota adesso per le migliori occasioni\",\"breadcrumb\":{\"@id\":\"https:\/\/www.bosphorusyacht.com\/it\/crociere\/crociera-sul-bosforo-con-pranzo-istanbul\/noleggio-barche-istanbul\/occasioni-speciali-a-bordo-di-zoe-yacht\/#breadcrumb\"},\"inLanguage\":\"it-IT\",\"potentialAction\":[{\"@type\":\"ReadAction\",\"target\":[\"https:\/\/www.bosphorusyacht.com\/it\/crociere\/crociera-sul-bosforo-con-pranzo-istanbul\/noleggio-barche-istanbul\/occasioni-speciali-a-bordo-di-zoe-yacht\/\"]}]},{\"@type\":\"ImageObject\",\"inLanguage\":\"it-IT\",\"@id\":\"https:\/\/www.bosphorusyacht.com\/it\/crociere\/crociera-sul-bosforo-con-pranzo-istanbul\/noleggio-barche-istanbul\/occasioni-speciali-a-bordo-di-zoe-yacht\/#primaryimage\",\"url\":\"https:\/\/www.bosphorusyacht.com\/wp-content\/uploads\/2012\/04\/birthday-istanbul1.jpg\",\"contentUrl\":\"https:\/\/www.bosphorusyacht.com\/wp-content\/uploads\/2012\/04\/birthday-istanbul1.jpg\"},{\"@type\":\"BreadcrumbList\",\"@id\":\"https:\/\/www.bosphorusyacht.com\/it\/crociere\/crociera-sul-bosforo-con-pranzo-istanbul\/noleggio-barche-istanbul\/occasioni-speciali-a-bordo-di-zoe-yacht\/#breadcrumb\",\"itemListElement\":[{\"@type\":\"ListItem\",\"position\":1,\"name\":\"Home\",\"item\":\"https:\/\/www.bosphorusyacht.com\/it\/crociera-sul-bosforo-sul-nostro-yacht-privato-zoe-yacht-in-relax-e-confort\/\"},{\"@type\":\"ListItem\",\"position\":2,\"name\":\"Gite in barca\",\"item\":\"https:\/\/www.bosphorusyacht.com\/it\/crociere\/\"},{\"@type\":\"ListItem\",\"position\":3,\"name\":\"Crociera sul Bosforo con Pranzo &#8211; Istanbul\",\"item\":\"https:\/\/www.bosphorusyacht.com\/it\/crociere\/crociera-sul-bosforo-con-pranzo-istanbul\/\"},{\"@type\":\"ListItem\",\"position\":4,\"name\":\"Istanbul Yacht Charter &amp; Noleggio Barche sul Bosforo\",\"item\":\"https:\/\/www.bosphorusyacht.com\/it\/crociere\/crociera-sul-bosforo-con-pranzo-istanbul\/noleggio-barche-istanbul\/\"},{\"@type\":\"ListItem\",\"position\":5,\"name\":\"Occasioni Speciali a bordo di Zoe Yacht\"}]},{\"@type\":\"WebSite\",\"@id\":\"https:\/\/www.bosphorusyacht.com\/#website\",\"url\":\"https:\/\/www.bosphorusyacht.com\/\",\"name\":\"bosphorusyacht.com\",\"description\":\"\",\"potentialAction\":[{\"@type\":\"SearchAction\",\"target\":{\"@type\":\"EntryPoint\",\"urlTemplate\":\"https:\/\/www.bosphorusyacht.com\/?s={search_term_string}\"},\"query-input\":{\"@type\":\"PropertyValueSpecification\",\"valueRequired\":true,\"valueName\":\"search_term_string\"}}],\"inLanguage\":\"it-IT\"}]}<\/script>\n<!-- \/ Yoast SEO plugin. -->","yoast_head_json":{"title":"Occasioni Speciali A Bordo: Compleanni, Feste, Anniversari","description":"Festeggiare delle occasioni speciali a bordo: Compleanni, Feste, Anniversari con Zoe Yacht a Istanbul Prenota adesso per le migliori occasioni","robots":{"index":"index","follow":"follow","max-snippet":"max-snippet:-1","max-image-preview":"max-image-preview:large","max-video-preview":"max-video-preview:-1"},"canonical":"https:\/\/www.bosphorusyacht.com\/it\/crociere\/crociera-sul-bosforo-con-pranzo-istanbul\/noleggio-barche-istanbul\/occasioni-speciali-a-bordo-di-zoe-yacht\/","twitter_misc":{"Tempo di lettura stimato":"4 minuti"},"schema":{"@context":"https:\/\/schema.org","@graph":[{"@type":"WebPage","@id":"https:\/\/www.bosphorusyacht.com\/it\/crociere\/crociera-sul-bosforo-con-pranzo-istanbul\/noleggio-barche-istanbul\/occasioni-speciali-a-bordo-di-zoe-yacht\/","url":"https:\/\/www.bosphorusyacht.com\/it\/crociere\/crociera-sul-bosforo-con-pranzo-istanbul\/noleggio-barche-istanbul\/occasioni-speciali-a-bordo-di-zoe-yacht\/","name":"Occasioni Speciali A Bordo: Compleanni, Feste, Anniversari","isPartOf":{"@id":"https:\/\/www.bosphorusyacht.com\/#website"},"primaryImageOfPage":{"@id":"https:\/\/www.bosphorusyacht.com\/it\/crociere\/crociera-sul-bosforo-con-pranzo-istanbul\/noleggio-barche-istanbul\/occasioni-speciali-a-bordo-di-zoe-yacht\/#primaryimage"},"image":{"@id":"https:\/\/www.bosphorusyacht.com\/it\/crociere\/crociera-sul-bosforo-con-pranzo-istanbul\/noleggio-barche-istanbul\/occasioni-speciali-a-bordo-di-zoe-yacht\/#primaryimage"},"thumbnailUrl":"https:\/\/www.bosphorusyacht.com\/wp-content\/uploads\/2012\/04\/birthday-istanbul1.jpg","datePublished":"2013-06-25T13:25:17+00:00","dateModified":"2024-06-25T13:12:59+00:00","description":"Festeggiare delle occasioni speciali a bordo: Compleanni, Feste, Anniversari con Zoe Yacht a Istanbul Prenota adesso per le migliori occasioni","breadcrumb":{"@id":"https:\/\/www.bosphorusyacht.com\/it\/crociere\/crociera-sul-bosforo-con-pranzo-istanbul\/noleggio-barche-istanbul\/occasioni-speciali-a-bordo-di-zoe-yacht\/#breadcrumb"},"inLanguage":"it-IT","potentialAction":[{"@type":"ReadAction","target":["https:\/\/www.bosphorusyacht.com\/it\/crociere\/crociera-sul-bosforo-con-pranzo-istanbul\/noleggio-barche-istanbul\/occasioni-speciali-a-bordo-di-zoe-yacht\/"]}]},{"@type":"ImageObject","inLanguage":"it-IT","@id":"https:\/\/www.bosphorusyacht.com\/it\/crociere\/crociera-sul-bosforo-con-pranzo-istanbul\/noleggio-barche-istanbul\/occasioni-speciali-a-bordo-di-zoe-yacht\/#primaryimage","url":"https:\/\/www.bosphorusyacht.com\/wp-content\/uploads\/2012\/04\/birthday-istanbul1.jpg","contentUrl":"https:\/\/www.bosphorusyacht.com\/wp-content\/uploads\/2012\/04\/birthday-istanbul1.jpg"},{"@type":"BreadcrumbList","@id":"https:\/\/www.bosphorusyacht.com\/it\/crociere\/crociera-sul-bosforo-con-pranzo-istanbul\/noleggio-barche-istanbul\/occasioni-speciali-a-bordo-di-zoe-yacht\/#breadcrumb","itemListElement":[{"@type":"ListItem","position":1,"name":"Home","item":"https:\/\/www.bosphorusyacht.com\/it\/crociera-sul-bosforo-sul-nostro-yacht-privato-zoe-yacht-in-relax-e-confort\/"},{"@type":"ListItem","position":2,"name":"Gite in barca","item":"https:\/\/www.bosphorusyacht.com\/it\/crociere\/"},{"@type":"ListItem","position":3,"name":"Crociera sul Bosforo con Pranzo &#8211; Istanbul","item":"https:\/\/www.bosphorusyacht.com\/it\/crociere\/crociera-sul-bosforo-con-pranzo-istanbul\/"},{"@type":"ListItem","position":4,"name":"Istanbul Yacht Charter &amp; Noleggio Barche sul Bosforo","item":"https:\/\/www.bosphorusyacht.com\/it\/crociere\/crociera-sul-bosforo-con-pranzo-istanbul\/noleggio-barche-istanbul\/"},{"@type":"ListItem","position":5,"name":"Occasioni Speciali a bordo di Zoe Yacht"}]},{"@type":"WebSite","@id":"https:\/\/www.bosphorusyacht.com\/#website","url":"https:\/\/www.bosphorusyacht.com\/","name":"bosphorusyacht.com","description":"","potentialAction":[{"@type":"SearchAction","target":{"@type":"EntryPoint","urlTemplate":"https:\/\/www.bosphorusyacht.com\/?s={search_term_string}"},"query-input":{"@type":"PropertyValueSpecification","valueRequired":true,"valueName":"search_term_string"}}],"inLanguage":"it-IT"}]}},"_links":{"self":[{"href":"https:\/\/www.bosphorusyacht.com\/it\/wp-json\/wp\/v2\/pages\/3296","targetHints":{"allow":["GET"]}}],"collection":[{"href":"https:\/\/www.bosphorusyacht.com\/it\/wp-json\/wp\/v2\/pages"}],"about":[{"href":"https:\/\/www.bosphorusyacht.com\/it\/wp-json\/wp\/v2\/types\/page"}],"author":[{"embeddable":true,"href":"https:\/\/www.bosphorusyacht.com\/it\/wp-json\/wp\/v2\/users\/2"}],"replies":[{"embeddable":true,"href":"https:\/\/www.bosphorusyacht.com\/it\/wp-json\/wp\/v2\/comments?post=3296"}],"version-history":[{"count":0,"href":"https:\/\/www.bosphorusyacht.com\/it\/wp-json\/wp\/v2\/pages\/3296\/revisions"}],"up":[{"embeddable":true,"href":"https:\/\/www.bosphorusyacht.com\/it\/wp-json\/wp\/v2\/pages\/15463"}],"wp:attachment":[{"href":"https:\/\/www.bosphorusyacht.com\/it\/wp-json\/wp\/v2\/media?parent=3296"}],"curies":[{"name":"wp","href":"https:\/\/api.w.org\/{rel}","templated":true}]}}