{"id":5934,"date":"2016-05-18T15:50:47","date_gmt":"2016-05-18T12:50:47","guid":{"rendered":"https:\/\/www.bosphorusyacht.com\/tr\/?page_id=5934"},"modified":"2025-05-14T16:00:29","modified_gmt":"2025-05-14T13:00:29","slug":"anasayfa","status":"publish","type":"page","link":"https:\/\/www.bosphorusyacht.com\/tr\/","title":{"rendered":"Zoe Yat \u0130stanbul"},"content":{"rendered":"<h1 class=\"title-style1\">Zoe Yat\u0131 \u0130stanbul &#8211; Bosphorus Yacht<span class=\"title-block\"><\/span><\/h1>\n<p>Bo\u011fazda yat kiralama se\u00e7eneklerimiz:<\/p>\n<div class=\"columns-wrapper clearfix\">\n<div class=\"one-third\">\n<img decoding=\"async\" class=\"alignnone wp-image-740 size-full\" src=\"https:\/\/www.bosphorusyacht.com\/wp-content\/uploads\/2019\/04\/yatta-yildonumu-kutlamasi.jpg\" alt=\"yatta yild\u00f6n\u00fcm\u00fc kutlamas\u0131\" \/><\/p>\n<h2>Yatta Evlilik Y\u0131ld\u00f6n\u00fcm\u00fc<\/h2>\n<p>\u0130stanbulda e\u015finize harika bir evlilik y\u0131ld\u00f6n\u00fcm\u00fc s\u00fcprizi yapmak art\u0131k \u00e7ok kolay. Size \u00f6zel bir kiral\u0131k yat ile bu \u00f6zel geceyi, romantik bir ak\u015fam yeme\u011fi ve nefis bo\u011faz manzaras\u0131 ile \u00f6l\u00fcms\u00fczle\u015ftirin\u2026<\/p>\n<\/div>\n<div class=\"one-third\">\n<img decoding=\"async\" class=\"alignnone wp-image-744 size-full\" src=\"https:\/\/www.bosphorusyacht.com\/wp-content\/uploads\/2019\/04\/yatta-dogumgunu-1.jpg\" alt=\"yatta do\u011fum g\u00fcn\u00fc\" \/><\/p>\n<h2>Yatta Do\u011fum G\u00fcn\u00fc<\/h2>\n<p>Do\u011fum g\u00fcn\u00fcn\u00fcz\u00fc sevdiklerinizle, arkada\u015flar\u0131n\u0131zla bo\u011fazda \u00f6zel bir yat kiralayarak kutlayabilirsiniz. Bu \u00f6zel g\u00fcn\u00fcn\u00fczde e\u015fsiz g\u00fczelli\u011fi ile bo\u011faz size e\u015flik etsin\u2026<\/p>\n<\/div>\n<div class=\"one-third last-col\">\n<img decoding=\"async\" class=\"alignnone wp-image-751 size-full\" src=\"https:\/\/www.bosphorusyacht.com\/wp-content\/uploads\/2019\/04\/yatta-adalar-turu.jpg\" alt=\"yatta adalar turu\" \/><\/p>\n<h2>Yat ile Adalar Turu<\/h2>\n<p>\u0130ster s\u0131cak yaz aylar\u0131nda serinlemek i\u00e7in y\u00fczme turu, ister bahar aylar\u0131nda \u015fehrin ke\u015fmeke\u015finden ka\u00e7\u0131p, keyif yapmak i\u00e7in. Size \u00f6zel bir yat ile Adalar turu\u2026<\/p>\n<\/div>\n<\/div>\n<hr class=\"space1\" \/>\n<div class=\"columns-wrapper clearfix\">\n<div class=\"one-third\">\n<img decoding=\"async\" class=\"alignnone wp-image-849 size-full\" src=\"https:\/\/www.bosphorusyacht.com\/wp-content\/uploads\/2019\/04\/yatta-yuzme-turu-1.jpg\" alt=\"yatta y\u00fczme turu\" \/><\/p>\n<h2>Yat Y\u00fczme Turu<\/h2>\n<p>\u0130stanbul\u2019u stresinden ka\u00e7arak sakin sularda huzur bulmak, \u00f6zel bir yatta bal\u0131k tutarak sessizli\u011fin tad\u0131n\u0131 \u00e7\u0131karmak hayal de\u011fil. Denize girmek, ferahlamak i\u00e7in uzaklara gitmenize gerek yok. Bo\u011faz y\u00fczme turlar\u0131m\u0131z ile sakin koylarda\u2026<\/p>\n<\/div>\n<div class=\"one-third\">\n<img decoding=\"async\" class=\"alignnone wp-image-738 size-full\" src=\"https:\/\/www.bosphorusyacht.com\/wp-content\/uploads\/2019\/04\/yatta-sirket-yemegi.jpg\" alt=\"yatta \u015firket yeme\u011fi\" \/><\/p>\n<h2>Yatta \u015eirket Gezisi<\/h2>\n<p>\u0130stanbul\u2019a ziyarete gelen \u015firket misafirlerinizi \u00f6zel bir yatta a\u011f\u0131rlamak istiyorsan\u0131z, yat\u0131m\u0131z sizleri bekliyor. \u015eirket misafirlerinizin harika bir bo\u011faz turu ile \u0130stanbul\u2019u denizden g\u00f6rmesini sa\u011flarken, \u015firket toplant\u0131n\u0131z\u0131 da yatta g\u00f6n\u00fcl rahatl\u0131\u011f\u0131 ile yapabilirsiniz.<\/p>\n<\/div>\n<div class=\"one-third last-col\">\n<p><img decoding=\"async\" class=\"alignnone wp-image-748 size-full\" src=\"https:\/\/www.bosphorusyacht.com\/wp-content\/uploads\/2019\/04\/yatta-evlilik-teklifi.jpg\" alt=\"yatta evlilik teklifi\" \/><\/p>\n<h2>\u00d6zel Yatta Evlenme Teklifi<\/h2>\n<p>Romantik bir ak\u015fam yeme\u011fi, mum \u0131\u015f\u0131\u011f\u0131, masada g\u00fcller, bir \u015fi\u015fe \u015farap ve bo\u011faz\u0131n nefes kesen manzaras\u0131 e\u015fli\u011finde m\u00fcstakbel e\u015finize yatta evlenme teklifi yapmak istermisiniz? \u2026<\/p>\n<\/div>\n<\/div>\n<hr class=\"space1\" \/>\n<h2 class=\"title-style1\">\u00d6zel G\u00fcnler i\u00e7in G\u00fcnl\u00fck ve Saatl\u0131k Yat Kiralama<span class=\"title-block\"><\/span><\/h2>\n<div class=\"columns-wrapper clearfix\">\n<div class=\"one-half\">\n<p>Bosphorus Yacht ile yat kiralama sayfam\u0131za ho\u015fgeldiniz. E\u015fsiz co\u011frafi konumu ve her iki yakada bulunan tarihi g\u00fczellikleriyle bo\u011faz turu, \u0130stanbul\u2019u ya\u015famak isteyenlerin vazge\u00e7ilmez tercihidir. \u0130stanbul&#8217;un ke\u015ffedilmesi gereken en \u00f6nemli noktalar\u0131ndan biri olan \u0130stanbul Bo\u011faz\u0131, tarihi ve co\u011frafi g\u00fczellikleriyle farkl\u0131 bir \u0130stanbul deneyimi sunmaktad\u0131r.<\/p>\n<p>Bu ola\u011fan\u00fcst\u00fc g\u00fczelli\u011fe yak\u0131\u015f\u0131r kaliteli hizmet anlay\u0131\u015f\u0131m\u0131z\u0131 tekne kiralama hizmetleri ile birle\u015ftirerek sizleri bu e\u015fsiz deneyimi ya\u015famaya davet ediyoruz.<\/p>\n<p>\u0130stanbul\u2019da her g\u00fcn, bo\u011faz turu, g\u00fcnbat\u0131m\u0131 turu ve yemekli turlar gibi farkl\u0131 tur se\u00e7enekleri ile misafirlerimize hizmet vermekteyiz. Teknemiz g\u00fcnl\u00fck, saatlik olarak kiralanabilmektedir. Turlar\u0131m\u0131z\u0131n rotalar\u0131 Bo\u011faz, Karadeniz ve Adalar olarak belirlenmi\u015f olup, tur boyunca Bo\u011faz\u2019\u0131n iki yakas\u0131ndaki \u00c7\u0131ra\u011fan, Dolmabah\u00e7e ve Beylerbeyi Saraylar\u0131, Rumeli ve Anadolu Hisarlar\u0131 ve Bo\u011faz K\u00f6pr\u00fcleri gibi yap\u0131lar\u0131 g\u00f6rebileceksiniz. Ayr\u0131ca, Adalar ve Poyrazk\u00f6y \u00e7evresinde misafirlerimize y\u00fczme ve bal\u0131k tutma gibi imkanlar da sunmaktay\u0131z.<\/p>\n<p>Bo\u011faz turlar\u0131m\u0131z en az 2 saatten ba\u015flayarak 3, 4, 6 ve 8 saatlik olarak de\u011fi\u015fmektedir. Bo\u011fazda yat kiralama tamamen size \u00f6zel d\u00fczenlenmektedir, kaptan ve bir gemiciden olu\u015fan profesyonel ekibimiz bo\u011faz turu boyunca size e\u015flik etmektedir. Kiral\u0131k yat ve teknelerimizde i\u00e7ecek servisimiz bulunmaktad\u0131r. Ayn\u0131 zamanda rezervasyon esnas\u0131nda alabilece\u011finiz 3 farkl\u0131 men\u00fc se\u00e7ene\u011fi ve hafif yemek isteyenler i\u00e7in meze se\u00e7eneklerimiz de sizin be\u011feninize sunulmu\u015ftur. Bunun yan\u0131nda \u00f6nceden sipari\u015f verece\u011finiz do\u011fum g\u00fcn\u00fc pastas\u0131 ile de sevdiklerinize s\u00fcrpriz yapabilirsiniz.<\/p>\n<p>\u00d6zel g\u00fcnler i\u00e7in yat kiralama, farkl\u0131 bir ortamda e\u011flenmek ve sevdiklerinizle birlikte bo\u011fazda g\u00fczel bir g\u00fcn ge\u00e7irebilmek i\u00e7in ideal bir alternatif. G\u00fczelli\u011fi ile herkesi b\u00fcy\u00fcleyen bo\u011fazda yat kiralayarak \u0130stanbul Bo\u011faz\u0131\u2019n\u0131n muhte\u015fem manzaras\u0131nda romantik bir ak\u015fam yeme\u011fi, evlilik teklifi, sevdiklerinizle do\u011fum g\u00fcn\u00fc kutlamas\u0131 veya yaz aylar\u0131nda denize girme ve bal\u0131k tutma gibi aktiviteler ile g\u00fcn\u00fcn\u00fcz\u00fc \u00e7ok \u00f6zel ve e\u011flenceli hale getirebilirsiniz. \u00d6zel misafirleriniz, i\u015f yemekleriniz ve her t\u00fcrl\u00fc talebinizi kar\u015f\u0131layabilecek seviyede olan kiralama hizmetlerimiz, beklentilerinizin \u00fczerinde hizmet anlay\u0131\u015f\u0131 ile size \u00f6zel oldu\u011funuzu hissettirecek.<\/p>\n<p>Kiral\u0131k teknelerimiz ile \u00f6nceden belirlenen iskelelerden sizi alarak ba\u015flayacak bo\u011faz turumuz se\u00e7ti\u011finiz tur kategorisine g\u00f6re d\u00fczenlenerek ve yine se\u00e7ti\u011finiz iskeleye, bo\u011faz turu bitiminde sizi b\u0131rakarak sona ermektedir. \u0130stanbul Avrupa yakas\u0131n\u0131n merkezi noktalar\u0131 olan Kuru\u00e7e\u015fme, Kabata\u015f, Beylerbeyi gibi iskelelerden al\u0131\u015f ve b\u0131rak\u0131\u015f yapabilmekteyiz. Her t\u00fcrl\u00fc iste\u011finize cevap verebilecek profesyonel ekibimizin de yard\u0131mlar\u0131yla kolayl\u0131kla bo\u011fazda yat kiralayabilir ve bu ayr\u0131cal\u0131\u011f\u0131 sizler de ya\u015fayabilirsiniz.<\/p>\n<p>Turizm \u0130\u015fletme Belgesi\u2019ne sahip kiral\u0131k yat ve teknelerimiz ile tamamen g\u00fcvende sevdikleriniz ile birlikte muhte\u015fem Bo\u011faz manzar\u0131s\u0131n\u0131n tad\u0131n\u0131 \u00e7\u0131karmaya sizleri teknelerimize bekliyoruz. Yat ve tekne kiralama fiyatlar\u0131 ile ilgili istekleriniz\u00a0\u00a0<a href=\"mailto:info@bosphorusyacht.com\">i\u00e7in\u00a0bize ula\u015f\u0131n<\/a>.<\/p>\n<\/div>\n<div class=\"one-half last-col\"> <img decoding=\"async\" class=\"alignnone wp-image-159\" title=\"bo\u011faz yat kiralama istanbul\" src=\"https:\/\/www.bosphorusyacht.com\/wp-content\/uploads\/2019\/04\/closeup2.jpg\" alt=\"bo\u011faz yat kiralama istanbul\" \/> <img decoding=\"async\" class=\"alignnone wp-image-157\" title=\"Istanbul Yat Kiralama\" src=\"https:\/\/www.bosphorusyacht.com\/wp-content\/uploads\/2019\/04\/CLOSEUP3.jpg\" alt=\"Bo\u011faz yat Turu, bo\u011faz tekne turu\" \/> <\/div>\n<\/div>\n","protected":false},"excerpt":{"rendered":"<p>Bo\u011fazda yat kiralama se\u00e7eneklerimiz:<\/p>\n","protected":false},"author":2,"featured_media":0,"parent":0,"menu_order":0,"comment_status":"closed","ping_status":"closed","template":"page-templates\/template-homepage-1.php","meta":{"_acf_changed":false,"footnotes":""},"class_list":["post-5934","page","type-page","status-publish","hentry"],"acf":[],"yoast_head":"<!-- This site is optimized with the Yoast SEO plugin v25.2 - https:\/\/yoast.com\/wordpress\/plugins\/seo\/ -->\n<title>Zoe Yat\u0131 | \u0130stanbul Yat Kiralama | BosphorusYacht.com<\/title>\n<meta name=\"description\" content=\"\u00d6zel g\u00fcnler i\u00e7in yat kiralama, farkl\u0131 bir ortamda e\u011flenmek ve sevdiklerinizle birlikte bo\u011fazda g\u00fczel bir g\u00fcn ge\u00e7irebilmek i\u00e7in ideal bir alternatif.\" \/>\n<meta name=\"robots\" content=\"index, follow, max-snippet:-1, max-image-preview:large, max-video-preview:-1\" \/>\n<link rel=\"canonical\" href=\"https:\/\/www.bosphorusyacht.com\/tr\/\" \/>\n<meta name=\"twitter:label1\" content=\"Tahmini okuma s\u00fcresi\" \/>\n\t<meta name=\"twitter:data1\" content=\"5 dakika\" \/>\n<script type=\"application\/ld+json\" class=\"yoast-schema-graph\">{\"@context\":\"https:\/\/schema.org\",\"@graph\":[{\"@type\":\"WebPage\",\"@id\":\"https:\/\/www.bosphorusyacht.com\/tr\/\",\"url\":\"https:\/\/www.bosphorusyacht.com\/tr\/\",\"name\":\"Zoe Yat\u0131 | \u0130stanbul Yat Kiralama | BosphorusYacht.com\",\"isPartOf\":{\"@id\":\"https:\/\/www.bosphorusyacht.com\/#website\"},\"primaryImageOfPage\":{\"@id\":\"https:\/\/www.bosphorusyacht.com\/tr\/#primaryimage\"},\"image\":{\"@id\":\"https:\/\/www.bosphorusyacht.com\/tr\/#primaryimage\"},\"thumbnailUrl\":\"https:\/\/www.bosphorusyacht.com\/wp-content\/uploads\/2019\/04\/yatta-yildonumu-kutlamasi.jpg\",\"datePublished\":\"2016-05-18T12:50:47+00:00\",\"dateModified\":\"2025-05-14T13:00:29+00:00\",\"description\":\"\u00d6zel g\u00fcnler i\u00e7in yat kiralama, farkl\u0131 bir ortamda e\u011flenmek ve sevdiklerinizle birlikte bo\u011fazda g\u00fczel bir g\u00fcn ge\u00e7irebilmek i\u00e7in ideal bir alternatif.\",\"breadcrumb\":{\"@id\":\"https:\/\/www.bosphorusyacht.com\/tr\/#breadcrumb\"},\"inLanguage\":\"tr\",\"potentialAction\":[{\"@type\":\"ReadAction\",\"target\":[\"https:\/\/www.bosphorusyacht.com\/tr\/\"]}]},{\"@type\":\"ImageObject\",\"inLanguage\":\"tr\",\"@id\":\"https:\/\/www.bosphorusyacht.com\/tr\/#primaryimage\",\"url\":\"https:\/\/www.bosphorusyacht.com\/wp-content\/uploads\/2019\/04\/yatta-yildonumu-kutlamasi.jpg\",\"contentUrl\":\"https:\/\/www.bosphorusyacht.com\/wp-content\/uploads\/2019\/04\/yatta-yildonumu-kutlamasi.jpg\"},{\"@type\":\"BreadcrumbList\",\"@id\":\"https:\/\/www.bosphorusyacht.com\/tr\/#breadcrumb\",\"itemListElement\":[{\"@type\":\"ListItem\",\"position\":1,\"name\":\"Home\",\"item\":\"https:\/\/www.bosphorusyacht.com\/tr\/\"},{\"@type\":\"ListItem\",\"position\":2,\"name\":\"Zoe Yat \u0130stanbul\"}]},{\"@type\":\"WebSite\",\"@id\":\"https:\/\/www.bosphorusyacht.com\/#website\",\"url\":\"https:\/\/www.bosphorusyacht.com\/\",\"name\":\"bosphorusyacht.com\",\"description\":\"Private Yacht Cruises on the Bosphorus\\r\\nBo\u011fazda \u00d6zel Yat Turlar\u0131 \",\"potentialAction\":[{\"@type\":\"SearchAction\",\"target\":{\"@type\":\"EntryPoint\",\"urlTemplate\":\"https:\/\/www.bosphorusyacht.com\/?s={search_term_string}\"},\"query-input\":{\"@type\":\"PropertyValueSpecification\",\"valueRequired\":true,\"valueName\":\"search_term_string\"}}],\"inLanguage\":\"tr\"}]}<\/script>\n<!-- \/ Yoast SEO plugin. -->","yoast_head_json":{"title":"Zoe Yat\u0131 | \u0130stanbul Yat Kiralama | BosphorusYacht.com","description":"\u00d6zel g\u00fcnler i\u00e7in yat kiralama, farkl\u0131 bir ortamda e\u011flenmek ve sevdiklerinizle birlikte bo\u011fazda g\u00fczel bir g\u00fcn ge\u00e7irebilmek i\u00e7in ideal bir alternatif.","robots":{"index":"index","follow":"follow","max-snippet":"max-snippet:-1","max-image-preview":"max-image-preview:large","max-video-preview":"max-video-preview:-1"},"canonical":"https:\/\/www.bosphorusyacht.com\/tr\/","twitter_misc":{"Tahmini okuma s\u00fcresi":"5 dakika"},"schema":{"@context":"https:\/\/schema.org","@graph":[{"@type":"WebPage","@id":"https:\/\/www.bosphorusyacht.com\/tr\/","url":"https:\/\/www.bosphorusyacht.com\/tr\/","name":"Zoe Yat\u0131 | \u0130stanbul Yat Kiralama | BosphorusYacht.com","isPartOf":{"@id":"https:\/\/www.bosphorusyacht.com\/#website"},"primaryImageOfPage":{"@id":"https:\/\/www.bosphorusyacht.com\/tr\/#primaryimage"},"image":{"@id":"https:\/\/www.bosphorusyacht.com\/tr\/#primaryimage"},"thumbnailUrl":"https:\/\/www.bosphorusyacht.com\/wp-content\/uploads\/2019\/04\/yatta-yildonumu-kutlamasi.jpg","datePublished":"2016-05-18T12:50:47+00:00","dateModified":"2025-05-14T13:00:29+00:00","description":"\u00d6zel g\u00fcnler i\u00e7in yat kiralama, farkl\u0131 bir ortamda e\u011flenmek ve sevdiklerinizle birlikte bo\u011fazda g\u00fczel bir g\u00fcn ge\u00e7irebilmek i\u00e7in ideal bir alternatif.","breadcrumb":{"@id":"https:\/\/www.bosphorusyacht.com\/tr\/#breadcrumb"},"inLanguage":"tr","potentialAction":[{"@type":"ReadAction","target":["https:\/\/www.bosphorusyacht.com\/tr\/"]}]},{"@type":"ImageObject","inLanguage":"tr","@id":"https:\/\/www.bosphorusyacht.com\/tr\/#primaryimage","url":"https:\/\/www.bosphorusyacht.com\/wp-content\/uploads\/2019\/04\/yatta-yildonumu-kutlamasi.jpg","contentUrl":"https:\/\/www.bosphorusyacht.com\/wp-content\/uploads\/2019\/04\/yatta-yildonumu-kutlamasi.jpg"},{"@type":"BreadcrumbList","@id":"https:\/\/www.bosphorusyacht.com\/tr\/#breadcrumb","itemListElement":[{"@type":"ListItem","position":1,"name":"Home","item":"https:\/\/www.bosphorusyacht.com\/tr\/"},{"@type":"ListItem","position":2,"name":"Zoe Yat \u0130stanbul"}]},{"@type":"WebSite","@id":"https:\/\/www.bosphorusyacht.com\/#website","url":"https:\/\/www.bosphorusyacht.com\/","name":"bosphorusyacht.com","description":"Private Yacht Cruises on the Bosphorus\r\nBo\u011fazda \u00d6zel Yat Turlar\u0131 ","potentialAction":[{"@type":"SearchAction","target":{"@type":"EntryPoint","urlTemplate":"https:\/\/www.bosphorusyacht.com\/?s={search_term_string}"},"query-input":{"@type":"PropertyValueSpecification","valueRequired":true,"valueName":"search_term_string"}}],"inLanguage":"tr"}]}},"_links":{"self":[{"href":"https:\/\/www.bosphorusyacht.com\/tr\/wp-json\/wp\/v2\/pages\/5934","targetHints":{"allow":["GET"]}}],"collection":[{"href":"https:\/\/www.bosphorusyacht.com\/tr\/wp-json\/wp\/v2\/pages"}],"about":[{"href":"https:\/\/www.bosphorusyacht.com\/tr\/wp-json\/wp\/v2\/types\/page"}],"author":[{"embeddable":true,"href":"https:\/\/www.bosphorusyacht.com\/tr\/wp-json\/wp\/v2\/users\/2"}],"replies":[{"embeddable":true,"href":"https:\/\/www.bosphorusyacht.com\/tr\/wp-json\/wp\/v2\/comments?post=5934"}],"version-history":[{"count":0,"href":"https:\/\/www.bosphorusyacht.com\/tr\/wp-json\/wp\/v2\/pages\/5934\/revisions"}],"wp:attachment":[{"href":"https:\/\/www.bosphorusyacht.com\/tr\/wp-json\/wp\/v2\/media?parent=5934"}],"curies":[{"name":"wp","href":"https:\/\/api.w.org\/{rel}","templated":true}]}}